{"id":115,"date":"2020-11-22T18:11:29","date_gmt":"2020-11-22T17:11:29","guid":{"rendered":"https:\/\/ralfschubert.de\/?page_id=115"},"modified":"2020-11-22T18:11:29","modified_gmt":"2020-11-22T17:11:29","slug":"dirigentenwitze","status":"publish","type":"page","link":"https:\/\/ralfschubert.de\/?page_id=115","title":{"rendered":"Dirigentenwitze"},"content":{"rendered":"\n<p>Was ist die Gemeinsamkeit von Kondom und Dirigent?<br>&#8222;Mit&#8220; ist sicherer, &#8222;ohne&#8220; sch\u00f6ner&#8230;<br><br>Warum kann ein Dirigent gefahrlos seine Finger in eine Steckdose stecken?<br>Weil Dirigenten schlechte Leiter sind&#8230;<br><br>&#8222;Kennst du die Geschichte, in der der Dirigent mit &#8217;nem Strick in den Wald geht?&#8220;<br>&#8222;Nein, aber sie f\u00e4ngt ganz gut an&#8230;&#8220;<br><br>F: Was ist der Unterschied zwischen einer Kuh und einem Orchester?<br>A: Bei einer Kuh sind die H\u00f6rner vorne und das Arschloch hinten&#8230;<br><br>Was ist der Unterschied zwischen dem Leiter eines Schulchores und einem Schimpansen?<br>Wissenschaftler haben bewiesen, da\u00df Schimpansen mit Menschen kommunizieren k\u00f6nnen.<br><br>Ein blindes Kanninchen und eine blinde Schlange sto\u00dfen zusammen. &#8222;Entschuldigung, ich hab dich nicht bemerkt, ich bin n\u00e4mlich blind.&#8220; &#8222;Das macht nichts, ich bin ebenfalls blind.&#8220; Beide beschlie\u00dfen, sich gegenseitig zu bef\u00fchlen, um einen Eindruck voneinander zu bekommen. &#8222;Du bist weich und warm, und diese Ohren&#8230; Du mu\u00dft ein Kanninchen sein!&#8220; &#8222;Stimmt genau. Moment, du bist kalt und schleimig, du mu\u00dft ein Dirigent sein!&#8220;<br><br>Was macht man mit einem Bl\u00e4ser der nicht spielen kann?<br>Gib ihm zwei St\u00f6cke, setzt ihn nach hinten und sag ihm, er sei ab jetzt Percussionist.<br>Was macht man, wenn er das auch nicht kann?<br>Nimm ihm einen Stock weg, stellt ihn nach vorne und sag ihm, er sei ab jetzt Dirigent.<br><br>Fragt ein Musiker den Pf\u00f6rtner: &#8222;Warum f\u00e4llt heute die Probe aus?&#8220; &#8222;Der Dirigent ist gestern an einem Herzinfakt gestorben.&#8220; Nach einer Weile kommt der Musiker wieder: &#8222;Warum f\u00e4llt heute denn die Probe aus?&#8220; &#8222;Ich habe Ihnen doch schon erkl\u00e4rt, dass der Dirigent gestorben ist. Warum fragen sie das denn immer wieder?&#8220; &#8222;Ach, wissen sie, ich kanns nicht oft genug h\u00f6ren!&#8220;<br><br>Der Dirigent zum Orchester: &#8222;Welche Muskeln treten in Aktion, wenn ich dirigiere?&#8220; &#8211; Stimme aus dem Orchester: &#8222;Unsere Lachmuskeln!&#8220;<br><br>Was ist das Idealgewicht eines Kapellmeisters?<br>1,5 kg &#8211; mit Urne.<br><br>&#8222;Mama, kann man durch Analverkehr schwanger werden?&#8220; &#8211; &#8222;Nat\u00fcrlich, wie werden denn sonst Dirigenten gezeugt?&#8220;<br><br>Ein grosser fetter und ein kleiner mickriger Dirigent stehen auf dem Eiffelturm. Wer kommt beim Runterspringen zuerst an?<br>Ganz egal, Hauptsache beide springen!<br><br>&#8222;John, war der Kunde nicht zufrieden mit unserem Schuhsortiment?&#8220; fragt der Ladenbesitzer seinen Angestellten, nachdem ein Kunde eine nicht enden wollende Zahl verschiedenster Schuhe ausprobiert hat. &#8222;Aber nein, Chef. Das war ein Dirigent, der sucht zwei Schuhe, die c-moll 443 Herz quietschen.&#8220;<br><br>Was ist der Unterschied zwischen Robotern und Dirigenten?<br>Roboter sind manchmal richtig menschlich<br><br>Was ist der Unterschied zwischen einem Dirigenten und einem Kutscher?<br>Der Kutscher schaut w\u00e4hrend der Arbeit nur auf zwei oder vier Arschl\u00f6cher.<br><br>Was ist der Unterschied zwischen Gott und einem Dirigenten?<br>Gott wei\u00df, er ist kein Dirigent.<br><br>In der Pause der Orchesterprobe treffen sich der Dirigent und ein Musiker in der Herrentoilette. Als sie so nebeneinander stehen, meint der Musiker: \u201eEndlich darf ich mir vor Ihnen etwas herausnehmen.\u201c Daraufhin der Dirigent: \u201eAber auch da ziehen Sie den k\u00fcrzeren!\u201c<br><br>Der Dirigent schimpft immer mehr \u00fcber den Klang des Orchesters, bis dieses einmal komplett den Einsatz verweigert. Der Konzertmeister erkl\u00e4rt dem Dirigenten: &#8222;Sehen sie, so klingt ein Taktstock!&#8220;<br>undefinedundefinedundefined<\/p>\n\n\n\n<p>&#8222;Ein Mann will einen Papagei kaufen. &#8222;Der Gr\u00fcne ist h\u00fcbsch.&#8220;<br>&#8222;Ein sch\u00f6nes Tier,&#8220; best\u00e4tigt der Verk\u00e4ufer, und musikalisch: er hat 5 Fl\u00f6tenkonzerte im Repertoire. Kostenpunkt: 300,&#8211; Euro.&#8220;<br>&#8222;Ein bisschen teuer&#8220;, meint der Kunde, &#8222;dann vielleicht den Roten.&#8220;<br>&#8222;Tja, der ist leider noch teurer, er beherrscht 10 Violinkonzerte.&#8220;<br>&#8222;Und was ist mit dem Blauen?&#8220;<br>&#8222;Das ist der Teuerste: 900,&#8211; Euro.&#8220;<br>&#8222;Aha, und was bringt der?&#8220; fragt der Kunde.<br>&#8222;Eigentlich nichts&#8220;, antwortet der Verk\u00e4ufer, &#8222;aber die anderen nennen ihn &#8218;Maestro&#8216;.&#8220;<\/p>\n","protected":false},"excerpt":{"rendered":"<p>Was ist die Gemeinsamkeit von Kondom und Dirigent?&#8222;Mit&#8220; ist sicherer, &#8222;ohne&#8220; sch\u00f6ner&#8230; Warum kann ein Dirigent gefahrlos seine Finger in eine Steckdose stecken?Weil Dirigenten schlechte Leiter sind&#8230; &#8222;Kennst du die Geschichte, in der der Dirigent mit &#8217;nem Strick in den Wald geht?&#8220;&#8222;Nein, aber sie f\u00e4ngt ganz gut an&#8230;&#8220; F: Was ist der Unterschied zwischen einer [&hellip;]<\/p>\n","protected":false},"author":1,"featured_media":0,"parent":0,"menu_order":0,"comment_status":"closed","ping_status":"closed","template":"","meta":{"footnotes":""},"class_list":["post-115","page","type-page","status-publish","hentry"],"_links":{"self":[{"href":"https:\/\/ralfschubert.de\/index.php?rest_route=\/wp\/v2\/pages\/115","targetHints":{"allow":["GET"]}}],"collection":[{"href":"https:\/\/ralfschubert.de\/index.php?rest_route=\/wp\/v2\/pages"}],"about":[{"href":"https:\/\/ralfschubert.de\/index.php?rest_route=\/wp\/v2\/types\/page"}],"author":[{"embeddable":true,"href":"https:\/\/ralfschubert.de\/index.php?rest_route=\/wp\/v2\/users\/1"}],"replies":[{"embeddable":true,"href":"https:\/\/ralfschubert.de\/index.php?rest_route=%2Fwp%2Fv2%2Fcomments&post=115"}],"version-history":[{"count":1,"href":"https:\/\/ralfschubert.de\/index.php?rest_route=\/wp\/v2\/pages\/115\/revisions"}],"predecessor-version":[{"id":116,"href":"https:\/\/ralfschubert.de\/index.php?rest_route=\/wp\/v2\/pages\/115\/revisions\/116"}],"wp:attachment":[{"href":"https:\/\/ralfschubert.de\/index.php?rest_route=%2Fwp%2Fv2%2Fmedia&parent=115"}],"curies":[{"name":"wp","href":"https:\/\/api.w.org\/{rel}","templated":true}]}}