{"id":121,"date":"2020-11-22T18:27:16","date_gmt":"2020-11-22T17:27:16","guid":{"rendered":"https:\/\/ralfschubert.de\/?page_id=121"},"modified":"2020-11-22T18:28:40","modified_gmt":"2020-11-22T17:28:40","slug":"musikerwitze","status":"publish","type":"page","link":"https:\/\/ralfschubert.de\/?page_id=121","title":{"rendered":"Musikerwitze"},"content":{"rendered":"\n<p>Wird ein Gitarrist bei der Abschlusspr\u00fcfung gefragt: &#8222;Was ist die Dominante zu H-Dur?&#8220; Sagt der Gitarrist: &#8222;Wieso? H-Dur ist doch die Dominante!&#8220;<br>(das sch\u00f6nste an dem Witz: Gitarristen verstehen ihn nicht&#8230;)<br><br>Was muss ein Musiker trinken, wenn er 0,5 Promille erreichen will? Drei Tage lang gar nichts.<br><br>Mitten im Sinfoniekonzert ruft vorne aus der ersten Reihe ein Mann lauthals: &#8222;Ist hier ein Arzt im Saal?&#8220; Eisernes Schweigen, alle, Musiker wie Zuh\u00f6rer, versuchen sich wieder auf die Musik zu konzentrieren. Etwas sp\u00e4ter wieder das gleiche: &#8222;Ist hier ein Arzt im Saal?&#8220; Im Saal beginnt ein unruhiges Gemurmel, der Dirigent vergi\u00dft schon einen Einsatz, dirigiert aber eisern weiter. Noch einmal: &#8222;Ist hier ein Arzt im Saal?&#8220; Der Dirigent bricht ab, w\u00e4hrend sich in der letzten Reihe jemand erhebt: &#8222;Ja, ich bin Arzt. Was ist denn?&#8220; &#8211; &#8222;Ist das nicht ein herrliches Konzert, Herr Kollege!&#8220;<br><br><br>Der k\u00fcrzeste Musikerwitz?<br>Ein Musiker geht an einer Kneipe vorbei.<br><br>Was sagt der Raver auf der Techno-Party, wenn sein Extasy aufh\u00f6rt zu wirken?<br>&#8222;Was ist denn das f\u00fcr eine sch&#8230; Musik hier!&#8220;<br><br>\u201eGm7 Bier holen\u201c &#8211; \u201cNee, D#m bis&#8216; du dran\u201c<br><br>Ein Blinder und ein Tauber gr\u00fcnden eine Band.<br>Nach kurzer Zeit haben sie ihren ersten Auftritt.<br>Nach einer Weile fragt der Blinde: Du tanzen sie schon?<br>Darauf der Taube: Wieso, spielen wir schon?<br><br>Sagt ein Xylophon zum anderen: \u201eBist du aber beh\u00e4mmert!\u201c<br><br>Welcher Musiker ist am kl\u00fcgsten?<br>Der Pauker.<br><br>Zwei reiche Damen im Konzert. Sagt die eine \u00fcber den Tenor im engen Kost\u00fcm: &#8222;Der hat aber ein tolles Organ.&#8220; Darauf die andere: &#8222;Stimmt, aber singen tut er auch nicht schlecht!&#8220;<br><br>Was ist der Unterschied zwischen einem Kamel und einem Musiker? Ein Kamel kann sieben Tage arbeiten, ohne zwischendurch zu saufen.<br><br>Warum hatte Bach so viele Kinder, Kant jedoch kein einziges?<br>Weil Bach sich auf die Kunst der Fuge verstand, w\u00e4hrend Kant nur das Ding an sich betrachtet hat.<br><br>Der Teenager spielt dem Vater die neuste Heavy Metal Platte vor: &#8222;Na Pappi, hast Du schon mal so einen tollen Sound geh\u00f6rt?&#8220; &#8222;Ja, und zwar vor ca. drei Wochen, als auf einer Kreuzung ein LKW vollbeladen mit Milchkannen mit einem Laster voller Schweine zusammenstie\u00df&#8230;&#8220;<br><br>Was hat drei Beine und das Arschloch oben?<br>Ein Schlagzeughocker&#8230;<br><br>Was ist der Unterschied zwischen einer Bratsche und einer Waschmaschine?<br>Die Waschmaschine vibriert regelm\u00e4\u00dfiger, was rauskommt ist sauber und ins Schleudern kommt sie erst zum Schluss&#8230;<br><br>Wie nennt man einen Musiker ohne Freundin?<br>Obdachlos&#8230;<br><br>Was ist der Unterschied zwischen einem Schlagzeuger und einem Drum-Computer?<br>Der Drumcomputer wird nicht schneller. Und die Gemeinsamkeit? Beide haben kein Gehirn&#8230;<br><br>Was man heute Rap-Musik nennt, hie\u00df fr\u00fcher Stottern und war heilbar&#8230;<br><br>Jedes Mal vorm Konzert geht der Bratschist vorher in seinen Garderobenschrank, nimmt einen Zettel, liest ihn und nimmt dann befriedigt Bratsche und Bogen unter den Arm, um auf die B\u00fchne zu gehen. Dies sehen seine Kollegen und wollen nun nat\u00fcrlich wissen, was er da immer liest &#8211; gesagt, getan &#8211; beim n\u00e4chsten Konzert schauen sie in seinen Schrank, entdecken dort den Zettel und lesen:<br>Bratsche links, Bogen rechts&#8230;<br><br>Warum sind Rockmusiker so schlechte Liebhaber? Weil sie den Verst\u00e4rker nicht mit ins Bett nehmen k\u00f6nnen&#8230;<br><br>Was ist der Unterschied zwischen einem Kritiker und einem Eunuchen?<br>Da gibt\u2019s keinen. Beide wissen genau, wie man es machen muss, k\u00f6nnen&#8217;s aber nicht&#8230;<br><br>Klein Evi geht zu der Mutter und fragt: du Mami, &#8222;ist Gott schwarz oder wei\u00df ?&#8220; Sagt die Mutter: &#8222;Gott ist schwarz und weiss!&#8220; Am n\u00e4chsten Tag geht klein Evi wieder zu der Mutter und fragt: &#8222;ist Gott m\u00e4nnlich oder weiblich?&#8220; Sagt die Mutter: &#8222;Gott ist m\u00e4nnlich und weiblich!&#8220; Sagt klein Evi: &#8222;Ah, jetzt wei\u00df ich wer Gott ist! Michael Jackson ist Gott!&#8220;<br><br>Meine Frau spielt st\u00e4ndig die beleidigte Leberwurst.&#8220; &#8222;Hast Du&#8217;s gut. Meine spielt Saxophon!&#8220;<br><br>Was sind 10 Akkordeons auf dem Meeresgrund? Ein guter Anfang!<br><br>Was ist das Lieblingsinstrument eines Mantafahrers?<br>Oh boooh eeh!<br><br>Wie nennt man die Tontechniker in Norddeutschland?<br>Die Halligen<br><br>Wie nennt man jemanden, der immer mit Musikern rumh\u00e4ngt und sie durcheinander bringt?<br>Schlagzeuger.<br><br>Warum sind Bratschen auf modernen CD-Einspielungen nicht zu h\u00f6ren? Weil die Technik inzwischen Aufnahmen ohne jegliche Nebenger\u00e4usche produzieren kann.<br><br>Was sitzt im Orchester und bohrt in der Nase?<br>Ein Bratscher, der das letzte aus sich herausholt!<br><br>In einem Eisenbahnabteil sitzen ein langsamer Bratscher, ein schneller Bratscher, ein Konzertmeister und ein Kontrabassist. Auf dem kleinen Klapptisch vorm Fenster liegt eine Tafel Schokolade. Der Zug f\u00e4hrt durch einen Tunnel, anschlie\u00dfend ist die Schokolade verschwunden. Wer hat sie genommen?<br>Der langsame Bratscher. Der Konzertmeister springt nicht f\u00fcr Schokolade. Bis der Bassist was mitbekommt, ist eh alles gelaufen. Und hast du schon mal einen schnellen Bratscher gesehen?<br><br>Wie heisst die Endrunde im Bratschistenwettbewerb? Achtelfinale<br><br>Warum wollen Musiker im Flugzeug immer in der ersten Reihe sitzen?<br>Damit beim Absturz der Getr\u00e4nkewagen nocheinmal vorbeikommt.<br><br>Wieviel mal lacht ein Hornist \u00fcber einen Witz? Einmal: Wenn er ihn h\u00f6rt.<br>Wieviel mal lacht ein Trompeter \u00fcber einen Witz? Zweimal: Einmal, wenn er ihn h\u00f6rt und nochmal, wenn er ihn versteht.<br>Wieviel mal lacht ein Tubist \u00fcber einen Witz? Dreimal: Einmal, wenn er ihn h\u00f6rt, einmal, wenn man ihn ihm erkl\u00e4rt und nochmal, wenn er ihn versteht.<br>Wieviel mal lacht ein Schlagzeuger \u00fcber einen Witz? Gar nicht: Er beginnt einen Kampf, weil er meint, die andern lachen \u00fcber ihn.<br><br>Wie bringt man einen Gitarristen dazu, leiser zu spielen?<br>Man legt ihm ein Notenblatt vor. Und wie bringt man ihn dazu, mit dem Spielen aufzuh\u00f6ren? Man schreibt Noten drauf&#8230;<br><br>Es klingelt an der T\u00fcr. &#8222;Guten Tag, ich bin der Klavierstimmer.&#8220; &#8211; &#8222;Aber ich habe sie ja gar nicht bestellt!&#8220; &#8211; &#8222;Sie nicht, aber ihre Nachbarn!&#8220;<br><br>An der T\u00fcr des Saales hing ein Schild: &#8222;Hunde m\u00fcssen drau\u00dfen bleiben.&#8220;<br>Nach dem Konzert konnte man die handschriftliche Erg\u00e4nzung lesen: &#8222;Der Tierschutzverein&#8220;.<br><br>Bassist zum Schlagzeuger: &#8222;Sag mal, was issen eigentlich eine Synkope?&#8220; Schlagzeuger: &#8222;Deine Eins.&#8220;<br><br>Wozu braucht eine Band \u00fcberhaupt einen Schlagzeuger?<br>Einer muss ja schlie\u00dflich den Bassisten zur Probe abholen, ihn waschen, anziehen &#8211; und dann so laut spielen, dass man ihn nicht h\u00f6rt.<br><br>Was denken Musiker w\u00e4hrend einem Live-Gig?<br>&#8211; Der S\u00e4nger: Die geile Schnitte in der ersten Reihe schnapp ich mir nach dem Konzert&#8230;!<br>&#8211; Der Keyborder: Mein Sound ist heute wieder so gut, &#8230;so verdammt gut&#8230;, hach ist das heute wieder gut&#8230;!<br>&#8211; Der Gitarrist: Nach dem Auftritt dreh ich dem Mischer den Hals um&#8230;!<br>&#8211; Der Schlagzeuger: Wo bau ich bis zum n\u00e4chsten Gig mein neues 18&#8220;er Pro Sonix ein&#8230; hmm&#8230;<br>&#8211; Der Bassist: E &#8211; E &#8211; E &#8211; E &#8211; A &#8211; A &#8211; A &#8211; A &#8211; B &#8211; B &#8211; B &#8211; B &#8211; A &#8211; A &#8211; A &#8211; A &#8211; &#8230;<br><br>Was hei\u00dft &#8222;Schlagzeuger&#8220; auf chinesisch?<br>&#8222;No Tai Ming&#8220;<br><br>Was sind die drei \u00e4rgsten Feinde des Musikers?<br>Frische Luft, helles Tageslicht und das unertr\u00e4gliche Gebr\u00fcll der V\u00f6gel.<br><br>Dirigent: &#8222;Wir fangen nochmal an bei Takt 3!&#8220;<br>Ein Bratscher: &#8222;Wir haben keine Taktzahlen.&#8220;<br><br>Kurz vor Konzertbeginn: Der Dirigent stellt fest, da\u00df auf der B\u00fchne der 1. Bratschist und der 1. Fagottist fehlen.<br>Er trifft beide in der Kabine hinter der B\u00fchne. Der Fagottist lacht schallend, der Bratschist weint bitterlich.<br>Fragt der Dirigent: &#8222;Was ist denn los?&#8220; Antwortet der Fagottist: &#8222;Der Bratschist hat mich ge\u00e4rgert, da hab ich ihm ne Saite verstimmt.&#8220;<br>&#8222;Na und&#8220;, meint der Dirigent. Darauf der Bratschist: &#8222;Ja, der Mistkerl sagt mir ja nicht, welche&#8230;&#8220;<br><br>Was hei\u00dft Musiker auf Arabisch? \u2013 Machmalalla<br><br>Warum gehen Hornisten ungern auf Friedhof?<br>Zuviel Kreuze.<br><br>Fragt der Lehrer einen Sch\u00fcler: &#8222;wie hei\u00dft du?&#8220; &#8222;Fritz.&#8220; &#8222;und was willst du mal werden, wenn du gro\u00df bist?&#8220; &#8222;wei\u00df ich nicht.&#8220;<br>Fragt der Lehrer den n\u00e4chsten Sch\u00fcler: &#8222;wie hei\u00dft du?&#8220; &#8222;Heinz.&#8220; &#8222;und was willst du mal werden, wenn du gro\u00df bist?&#8220; &#8220; wei\u00df ich nicht.&#8220;<br>Fragt der Lehrer den n\u00e4chsten Sch\u00fcler: &#8222;wie hei\u00dft du?&#8220; &#8220; wei\u00df i nicht.&#8220; &#8222;und was willst du mal werden, wenn du gro\u00df bist?&#8220; &#8222;Musiker.&#8220;<br><br>&#8222;Angeklagter, Sie haben Ihrem Nachbarn eine Posaune gestohlen. Und dabei k\u00f6nnen Sie noch nicht einmal blasen!&#8220; &#8220; Stimmt, Herr Richter, er aber auch nicht!&#8220;<br><br>Wie nennt man es, wenn im Gottesdienst statt der Orgel der Posaunenchor spielt? Blas-Phemie<br><br>Warum haben alle Leute Angst, wenn jemand mit einem Geigenkoffer eine Bank betritt? Sie denken, es sei ein Gewehr drin und er w\u00fcrde es brauchen. Warum haben alle Leute Angst, wenn jemand mit einem Gitarrenkoffer eine Bank betritt? Sie denken, es sei eine Gitarre drin und er w\u00fcrde sie brauchen!<br><br>Solange man einen Klavierabend gibt und nicht in der \u00dcberzahl ist, ist alles OK.<br><br>Der Oberb\u00fcrgermeister hatte Konzertkarten f\u00fcr Schuberts &#8222;Unvollendete Symphonie&#8220; geschenkt bekommen. Er war verhindert und gab die Karten an die Sachbearbeiterin f\u00fcr Organisationsfragen weiter. Am n\u00e4chsten Tag fragte der Oberb\u00fcrgermeister die Mitarbeiterin, wie ihr das Konzert gefallen habe. Statt zu antworten, \u00fcberreichte im die Organisationsexpertin ein Memorandum, in dem es hie\u00df:<br>&#8211; F\u00fcr einen betr\u00e4chtlichen Zeitraum hatten die vier Oboe-Spieler nichts zu tun. Ihr Part sollte deshalb reduziert werden. Dadurch w\u00fcrden auf jeden Fall gewisse Arbeitszusammenballungen eliminiert.<br>&#8211; Alle zw\u00f6lf Geiger spielten die gleichen Noten. Das ist unn\u00f6tige Doppelarbeit. Die Mitgliederzahl dieser Gruppe sollte drastisch gek\u00fcrzt werden. Falls wirklich ein gro\u00dfes Klangvolumen erforderlich ist, l\u00e4sst sich dieses durch den Einsatz elektronischer Verst\u00e4rker erzielen.<br>&#8211; Erhebliche Arbeitskraft kostete auch das Spielen von Zweiunddrei\u00dfigstel-Noten. Das ist eine unn\u00f6tige Verfeinerung. Es wird deshalb empfohlen, alle Noten auf- bzw. abzurunden. W\u00fcrde man diesem Vorschlag folgen, w\u00e4re es m\u00f6glich, auch Volont\u00e4re und weniger qualifizierte Hilfskr\u00e4fte einzusetzen.<br>&#8211; Unn\u00fctz ist schlie\u00dflich, dass die H\u00f6rner genau jede Passagen wiederholen, die bereits von den Saiteninstrumenten gespielt wurden. W\u00fcrden alle in diesem Sinne \u00fcberfl\u00fcssigen Passagen gestrichen, k\u00f6nnte das Konzert von 25 Minuten auf etwa vier Minuten verk\u00fcrzt werden. H\u00e4tte Schubert sich an diese Erkenntnis gehalten, w\u00e4re er wahrscheinlich in der Lage gewesen, seine Symphonie zu vollenden.<br><br>Der fein gekleidete Musikliebhaber zu seiner Nachbarin im Kammermusikkonzert: &#8222;Die Akustik hier im Raum ist schlecht&#8220;<br>Darauf Sie: &#8222;Oh, ja! Jetzt wo sie es sagen, rieche ich es auch!&#8220;<br><br>Die drei gr\u00f6\u00dften Gitarristenl\u00fcgen:<br>&#8211; beim n\u00e4chsten St\u00fcck spiele ich kein Solo<br>&#8211; meine Gitarre ist gestimmt<br>&#8211; ich kann mich nicht h\u00f6ren<br><br>Der Weihnachtsmann, der Osterhase, ein lauter und ein leiser E-Gitarrist treffen sich zum 100-Meter-Wettrennen. Alle laufen gleichzeitig los &#8211; wer kommt zuerst durchs Ziel?<br>Der laute Gitarrist &#8211; die anderen gibt es nicht!<br><br>Was ist der Unterschied zwischen Gitarre und Gitarrist?<br>Der Gitarrist stimmt immer &#8211; und die Gitarre stimmt nie!<br><br><br>K\u00fcrzeste Zeitungskritik: Claudia M. gab im Wiener Musikvereinssaal ein Konzert am Klavier. Warum?<br><br><br>&#8222;Warum spielst du denn jetzt Klavier und nicht mehr Geige?&#8220; &#8222;Versuch mal, ein Bier auf die Geige zu stellen!&#8220;<br><br>Der Starkritiker einer angesehenen Zeitung verpasst in einem kleinen Provinzst\u00e4dtchen seinen Anschlusszug. Wie er so \u00fcberlegt, was man machen k\u00f6nnte, kommt ihm die Idee, doch in die Oper zu gehen. Es kommt eine Oper mit Tenorsolo und der Kritiker bekommt tats\u00e4chlich noch eine Restkarte f\u00fcr die erste Reihe des ausverkauften Hauses. Der Tenor, ein alter Mann, total abgesungen, singt sein Solo. Anschlie\u00dfend donnernder Applaus, &#8222;Bravo&#8220;-Rufe, Schreie: &#8222;Da Capo! Da Capo&#8220;. Der Kritiker versteht nichts. Als der Tenor unter gro\u00dfen M\u00fchen nochmals sein Solo gesungen hat und das Publikum ihm mit brausendem Applaus dankt, wiederum mit Zwischenrufen: &#8222;Da Capo!&#8230;&#8220;, wendet sich der Kritiker an seinen wild klatschenden Nachbarn und fragt: &#8222;Na h\u00f6ren Sie mal, der Mann ist doch grottenschlecht! Wieso wollen die Leute ihn da denn nochmal h\u00f6ren?&#8220; Darauf der Nachbar begeistert: &#8222;Ja, das wissen wir schon lange, aber heute machen wir ihn fertig!&#8220;<br><br>Ein Musiker hat sich verlaufen und fragt einen Passanten um Rat: &#8222;Wie komme ich in die Philharmonie?&#8220;<br>&#8222;\u00dcben, \u00fcben, \u00fcben!&#8220;<br><br>Treffen sich zwei Trommler. Sagt der eine:\u201e Hab mir letztens &#8217;n Duden jekauft .\u201c Fragt der andere: \u201eUnd, wie klingt er?\u201c<br><br>Was ist ein Musikerfr\u00fchst\u00fcck?<br>Ein Pott schwarzer Kaffee, zwei Marlboro und drei Aspirin.<br><br>Frage im Instrumentenkundeunterricht:<br>\u201eWelches ist das \u00e4lteste Instrument?\u201c<br>\u201eDas Akkordeon, Herr Professor, es hat die meisten Falten.\u201c<br><br>Treffen sich zwei Schwarze Musiker in New York. Sagt der eine zum anderen:<br>\u201eOh, Mann, mir gehts heute gar nicht gut. Ich hab heute Nacht einen f\u00fcrchterlichen Alptraum gehabt!\u201c<br>\u201eDu siehst ja wirklich schrecklich aus, was hast Du denn getr\u00e4umt?\u201c<br>\u201eIch hab getr\u00e4umt, ich w\u00e4re ein Wei\u00dfer und w\u00fcrde auf eins und drei klatschen!\u201c<br><br>Er f\u00fchrte sie moz\u00e4rtlich am H\u00e4ndel \u00fcber den Bach und in die Haydn. Dort verbrahmste er sie mit Liszt. Bald kam ein kleiner Mendelssohn und nun die Frage: wo Hindemith?<br><br>\u201eDie sch\u00f6nsten Stunden meines Lebens verdanke ich der Oper.\u201c &#8211; \u201eWieso gehst Du so oft hin?\u201c \u201eIch nicht, aber meine Frau!\u201c<br><br>Husten beim Fernsehen macht nur halb soviel Spa\u00df wie in der Oper.<br><br>Fritz \u00fcbt w\u00e4hrend des Musikunterrichts wieder auf dem Schlagzeug. Seufzt der Musiklehrer gequ\u00e4lt: \u201eManchmal w\u00fcnsche ich mir, du w\u00fcrdest im Radio oder im Fernsehen spielen.\u201c \u201eBin ich tats\u00e4chlich schon so gut?\u201c strahlt Fritz seinen Lehrer an. L\u00e4chelt der zur\u00fcck: \u201eDann k\u00f6nnte ich dich n\u00e4mlich abstellen.\u201c<br><br>Was ist der Unterschied zwischen einem Musiker und einem Musikwissenschaftler?<br>Der gleiche wie zwischen einem Liebhaber und einem Gyn\u00e4kologen.<br><br>Eine Frau m\u00f6chte eine Schallplatte kaufen. Die Verk\u00e4uferin: &#8222;Wissen Sie nicht genau, welche?&#8220; Die Frau: &#8222;Von Bach!&#8220; Die Verk\u00e4uferin: &#8222;Johann Sebastian oder Offen-?&#8220;<br><br>Wie hei\u00dft Geigenkasten auf Spanisch? &#8211; Fidel Castro.<br><br>Das Gewandhausorchester ist auf Israel-Tournee. An einem Ruhetag zwischen den Konzerten macht das Orchester einen Ausflug zum See Genezareth, wo sich die Musiker am Ufer sonnen. Nur ein Bratscher hat sich abgesondert und unterbreitet seinem Gott, wie wenig Anerkennung er bei seinen Kollegen findet und wie sehr er unter ihrem Spott leidet: &#8222;Herr, ich will nicht mit meinem Schicksal hadern, aber tue auch Du einmal ein Wunder an mir: Lass mich auch \u00fcber das Wasser gehen.&#8220; Er steht auf, geht zum Ufer und schreitet \u00fcber das Wasser! Von weitem sehen ihn die Kollegen auf dem Wasser gehen, da tippt der Konzertmeister dem Dirigenten auf die Schulter und zeigt auf den See: &#8222;Typisch! Noch nicht mal schwimmen kann er!&#8220;<br><br>Welches ist das Lieblingslied der Schlagzeuger?<br>&#8222;One Moment In Time&#8220;<br><br><br>Ein Bratscher geht in die Kneipe und bestellt etwas zu trinken. &#8222;Was darf es denn sein, ein Viertel oder ein Halbes?&#8220; fragt der Kellner. &#8222;Ein Halbes bitte, eine Viertel ist mir zu schnell.&#8220;<br><br>&#8222;Was, du hast ein neues Auto gekauft? Wovon denn? Ich dachte, du bist pleite.&#8220;<br>&#8222;Ich habe meine Trompete und meine Tuba daf\u00fcr in Zahlung gegeben.&#8220;<br>&#8222;Was, die hat der Autoh\u00e4ndler genommen?&#8220;<br>&#8222;Na klar, er wohnt doch direkt \u00fcber mir.&#8220;<br><br>\u201eGehen Sie auch zu Figaros Hochzeit?&#8220;<br>&#8211; &#8222;Nein, wir schicken Blumen.&#8220;<br><br>Versprecher:(Soll wirklich passiert sein) Radioansage von Peter I. Tschaikowskis &#8222;Nu\u00dfknackersuite&#8220;: Die Kollegen versuchen vorher, den Ansager fertigzumachen:<br>&#8222;Da\u00df Du aber nicht &#8218;Nu\u00dfKACKERsuite&#8216; sagst!&#8220;.<br>Der Ansager schwitzt, rei\u00dft sich aber zusammen:<br>&#8222;Werte Damen und Herren, h\u00f6ren Sie nun die Nu\u00dfknacker-suite&#8230; L\u00e4cheln in die Kulissen&#8230;<br>von Peter Schei\u00dfkowski!&#8220;<br><br>Wie erzeugt man ein strahlendes leuchten in den Augen von einem Schlagzeuger? Man h\u00e4lt ihm eine Taschenlampe ans Ohr.<br><br>&#8222;Sag mal, m\u00fcsstest du nicht mal wieder den Bass nachstimmen?&#8220;<br>Der andere zupft an den Saiten und meint: &#8222;Wieso? Sie sind doch noch alle straff.&#8220;<br><br>Wie lautet die enharmonische Verwechslung von Dessau?<br>cis schwein<br><br>Ein Bratscher geht zum Psychiater und sagt: &#8222;Herr Doktor, ich habe ein Problem: Ich rede im Schlaf.&#8220;<br>&#8222;Das machen doch viele Leute.&#8220; &#8222;Ja, aber das ganze Orchester lacht schon \u00fcber mich!&#8220;<br><br>Treffen sich zwei Musiker: \u201eHallo, wie geht&#8217;s Dir?\u201c<br>\u201eA-Dur.\u201c<br>\u201eWas soll das denn hei\u00dfen?\u201c<br>\u201eNa, einfach drei Kreuze: Verheiratet-Schwiegermutter-Kind!\u201c<br><br>In welcher Tonart spielten die Posaunen von Jericho?<br>In D-Moll, denn sie<br>D-Moll-ierten alles&#8230;<br><br>Was ist ein Musikliebhaber?<br>Ein Mann, der Brigitte Bardot im Bad singen<br>h\u00f6rt und das Ohr ans Schl\u00fcsselloch legt&#8230;<br><br>Ein Amateurmusiker schrieb an die englische Musikzeitschrift &#8222;Melody Maker&#8220;: &#8222;Immer wenn ich Posaune \u00fcbe jault der Hund meiner Nachbarin. Was soll ich tun?&#8220; Die Zeitung schrieb zur\u00fcck: &#8222;Spielen Sie St\u00fccke die der Hund nicht kennt. Vielleicht h\u00f6rt er zu!&#8220;<\/p>\n\n\n\n<p>Ein Geiger sitzt beim Friseur und klagt: &#8222;Ach, heute spielt Bayern M\u00fcnchen gegen AC Milan und ich habe Orchesterdienst.&#8220; Meint der Friseur: &#8222;Ich k\u00f6nnte Sie ja vielleicht vertreten, das w\u00fcrde mir Spa\u00df machen!&#8220;<br>Der Geiger begeistert: &#8222;Nat\u00fcrlich, das ist kein Problem, sie nehmen die Geige links unters Kinn, den Bogen in die rechte Hand und schauen einfach auf die anderen Geiger, und machen das gleiche; Bogen rauf, Bogen runter!&#8220;<br>Der Geiger l\u00e4sst seine Geige gleich beim Friseur und eilt nach Hause zum Anpfiff.<br>Am n\u00e4chsten Tag geht er zum Friseur und fragt: &#8222;Na, wie hat es geklungen?&#8220; Der Friseur: &#8222;So wie es halt klingt, wenn 40 Friseure spielen.&#8220;<\/p>\n\n\n\n<p>Der Bandleader: &#8222;Das war schon ganz gut Jungs, aber ihr m\u00fcsst mehr auf die Dynamik achten!&#8220;<br>Der Schlagzeuger: &#8222;Tut mir leid, ich kann beim besten Willen nicht mehr lauter spielen!&#8220;<\/p>\n\n\n\n<p>Sitzen zwei Jazzmusiker in nem Stra\u00dfencafe. Vor ihnen ein fetter Autounfall. Fragt der eine den anderen:<br>&#8222;Und was war das jetzt ?&#8220;<br>Sag der andere:<br>&#8222;Hmm. Fis Major 7 ? &#8222;<\/p>\n\n\n\n<p>Der kleine Kurt besucht zum ersten mal eine Oper. W\u00e4hrernd der Auff\u00fchrung fragt er seine Mutter: &#8222;Mami, warum bedroht dieser Mann dort die Frau mit einem Stock?&#8220; Sagt die Mutter: &#8222;Dieser Mann bedroht die Frau nicht. Das ist nur der Dirigent und er dirigiert mit dem Stock.&#8220; Nach einer Weile fragt Kurt wieder: &#8222;Und warum schreit denn die Frau so?&#8220;<\/p>\n\n\n\n<p>Preisfrage: \u20ac 100,- werden im Proberaum auf den Boden gelegt und das Licht ausgemacht. Wer nimmt das Geld?<br>Der Gitarrist! Und warum? Ganz einfach: Der Bassist ist zu langsam &#8230;, der Schlagzeuger wei\u00df sowieso nie um was es geht und der S\u00e4ngerin ist es zu wenig!!<\/p>\n\n\n\n<p>Treffen sich zwei Musiker. Fragt der eine: Wie oft \u00fcbst du die Woche? Darauf der Andere: Jeden Tag, zweimal die Woche immer Montags.<\/p>\n\n\n\n<p>Fragt die Frau ihren Mann: &#8222;Warum stehst du immer auf dem Balkon, wenn ich singe?&#8220; Antwort: &#8222;Damit die Leute nicht denken, ich w\u00fcrde dich misshandeln.&#8220;<\/p>\n\n\n\n<p>Musiker sitzt vor einer Kneipe und heult j\u00e4mmerlich. Kommt ein Freund vorbei und fragt :&#8220;Hast du kein Geld?&#8220; &#8222;Geld hab ich schon&#8220; antwortet der Musiker &#8220; aber keinen Durst!&#8220;<\/p>\n\n\n\n<p>Aufgrund der schwierigen Finanzsituation einiger gro\u00dfer Orchester, sehen sich die Intendanten gezwungen, bei den Auff\u00fchrungen ab sofort Strom zu sparen. Erste Ma\u00dfnahme: Bewegungsmelder an den Pultleuchten der Bratschen.<\/p>\n\n\n\n<p>Wie kann man erreichen, dass die Geige wie eine Bratsche klingt? Zur\u00fccklehnen und nicht spielen oder in den tiefen Lagen lauter falsche T\u00f6ne spielen.<\/p>\n\n\n\n<p>Wie kann man ganz schnell ein Violinkonzert in ein Bratschenkonzert umschreiben?<br>Man halbiert das Tempo! Was haben ein Bratscher und ein Unwetter gemeinsam?<br>Beide setzen meistens zum falschen Zeitpunkt ein.<\/p>\n\n\n\n<p>Der Passagierdampfer sinkt. Drei Haie lecken sich schon die M\u00e4uler. Der erste sagt: &#8222;Ich nehme mir den dicken Bankdirektor!&#8220; Der zweite hat sich die genauso dicke Gattin ausgeguckt. Der dritte sagt: &#8222;Ich nehme mir den Saxophonspieler aus der Kapelle.&#8220; Die beiden anderen wundern sich: &#8222;Warum den? Der ist doch spindeld\u00fcrr!&#8220; Meint der dritte: &#8222;Ja, aber die Leber!&#8220;<\/p>\n\n\n\n<p>Geht ein Bratscher zum Geigenbauer und sagt: &#8222;Ich h\u00e4tte gerne einen D\u00e4mpfer f\u00fcr meine Bratsche&#8230;&#8220; Sagt der Geigenbauer: &#8222;Okay, ist ein fairer Tausch!&#8220;<\/p>\n","protected":false},"excerpt":{"rendered":"<p>Wird ein Gitarrist bei der Abschlusspr\u00fcfung gefragt: &#8222;Was ist die Dominante zu H-Dur?&#8220; Sagt der Gitarrist: &#8222;Wieso? H-Dur ist doch die Dominante!&#8220;(das sch\u00f6nste an dem Witz: Gitarristen verstehen ihn nicht&#8230;) Was muss ein Musiker trinken, wenn er 0,5 Promille erreichen will? Drei Tage lang gar nichts. Mitten im Sinfoniekonzert ruft vorne aus der ersten Reihe [&hellip;]<\/p>\n","protected":false},"author":1,"featured_media":0,"parent":0,"menu_order":0,"comment_status":"closed","ping_status":"closed","template":"","meta":{"footnotes":""},"class_list":["post-121","page","type-page","status-publish","hentry"],"_links":{"self":[{"href":"https:\/\/ralfschubert.de\/index.php?rest_route=\/wp\/v2\/pages\/121","targetHints":{"allow":["GET"]}}],"collection":[{"href":"https:\/\/ralfschubert.de\/index.php?rest_route=\/wp\/v2\/pages"}],"about":[{"href":"https:\/\/ralfschubert.de\/index.php?rest_route=\/wp\/v2\/types\/page"}],"author":[{"embeddable":true,"href":"https:\/\/ralfschubert.de\/index.php?rest_route=\/wp\/v2\/users\/1"}],"replies":[{"embeddable":true,"href":"https:\/\/ralfschubert.de\/index.php?rest_route=%2Fwp%2Fv2%2Fcomments&post=121"}],"version-history":[{"count":1,"href":"https:\/\/ralfschubert.de\/index.php?rest_route=\/wp\/v2\/pages\/121\/revisions"}],"predecessor-version":[{"id":122,"href":"https:\/\/ralfschubert.de\/index.php?rest_route=\/wp\/v2\/pages\/121\/revisions\/122"}],"wp:attachment":[{"href":"https:\/\/ralfschubert.de\/index.php?rest_route=%2Fwp%2Fv2%2Fmedia&parent=121"}],"curies":[{"name":"wp","href":"https:\/\/api.w.org\/{rel}","templated":true}]}}