{"id":14,"date":"2020-11-21T19:10:03","date_gmt":"2020-11-21T18:10:03","guid":{"rendered":"https:\/\/ralfschubert.de\/?page_id=14"},"modified":"2020-11-22T18:44:30","modified_gmt":"2020-11-22T17:44:30","slug":"das-neue-museum-oeffnet-seine-tueren-2","status":"publish","type":"page","link":"https:\/\/ralfschubert.de\/","title":{"rendered":"Ohne Musik kein Leben"},"content":{"rendered":"\n<div class=\"wp-block-group alignwide\"><div class=\"wp-block-group__inner-container is-layout-flow wp-block-group-is-layout-flow\">\n<h2 class=\"has-text-align-center wp-block-heading\">Musiklehrer, Chorleiter und Gr\u00fcndung Chorfestival &#8222;Sine musica nulla vita&#8220;.<\/h2>\n<\/div><\/div>\n\n\n\n<div class=\"wp-block-columns alignwide is-layout-flex wp-container-core-columns-is-layout-9d6595d7 wp-block-columns-is-layout-flex\">\n<div class=\"wp-block-column is-layout-flow wp-block-column-is-layout-flow\">\n<div class=\"wp-block-group is-layout-flow wp-block-group-is-layout-flow\"><div class=\"wp-block-group__inner-container\"><\/div><\/div>\n\n\n\n<div class=\"wp-block-group is-layout-flow wp-block-group-is-layout-flow\"><div class=\"wp-block-group__inner-container\"><\/div><\/div>\n<\/div>\n\n\n\n<div class=\"wp-block-column is-layout-flow wp-block-column-is-layout-flow\">\n<div class=\"wp-block-group is-layout-flow wp-block-group-is-layout-flow\"><div class=\"wp-block-group__inner-container\"><\/div><\/div>\n\n\n\n<div class=\"wp-block-group is-layout-flow wp-block-group-is-layout-flow\"><div class=\"wp-block-group__inner-container\"><\/div><\/div>\n<\/div>\n<\/div>\n\n\n\n<figure class=\"wp-block-image alignfull size-large\"><a href=\"https:\/\/ralfschubert.de\/wp-content\/uploads\/2020\/11\/2015-05-30_medley-046.jpg\"><img loading=\"lazy\" decoding=\"async\" width=\"1280\" height=\"854\" src=\"https:\/\/ralfschubert.de\/wp-content\/uploads\/2020\/11\/2015-05-30_medley-046-1280x854.jpg\" alt=\"\" class=\"wp-image-96\" srcset=\"https:\/\/ralfschubert.de\/wp-content\/uploads\/2020\/11\/2015-05-30_medley-046-1280x854.jpg 1280w, https:\/\/ralfschubert.de\/wp-content\/uploads\/2020\/11\/2015-05-30_medley-046-450x300.jpg 450w, https:\/\/ralfschubert.de\/wp-content\/uploads\/2020\/11\/2015-05-30_medley-046-768x512.jpg 768w, https:\/\/ralfschubert.de\/wp-content\/uploads\/2020\/11\/2015-05-30_medley-046-1536x1024.jpg 1536w, https:\/\/ralfschubert.de\/wp-content\/uploads\/2020\/11\/2015-05-30_medley-046-1200x800.jpg 1200w, https:\/\/ralfschubert.de\/wp-content\/uploads\/2020\/11\/2015-05-30_medley-046.jpg 1852w\" sizes=\"auto, (max-width: 1280px) 100vw, 1280px\" \/><\/a><\/figure>\n\n\n\n<div class=\"wp-block-group alignwide\"><div class=\"wp-block-group__inner-container is-layout-flow wp-block-group-is-layout-flow\">\n<h2 class=\"has-text-align-center has-accent-color has-text-color wp-block-heading\">\u201eSine musica nulla vita.\u201c<\/h2>\n<\/div><\/div>\n\n\n\n<p class=\"has-drop-cap\">Ohne Musik, kein Leben &#8211; sine musica nulla vita, ist nicht nur ein Motto, sondern die pers\u00f6nliche Lebenseinstellung von Dr. Schubert. Schon in seiner Kindheit spielte die Musik eine essentielle Rolle. Die geweckte Leidenschaft f\u00fcr die Kunst des sch\u00f6nen Klangs ist bis heute fest in ihm verankert. Und diese Art der Kunst weiter zu geben, zusammen mit der F\u00e4higkeit verschiedenste Menschen durch den Chorgesang, kulturelles Interagieren und Freude am Singen und am Leben selbst zu verbinden, das ist das Au\u00dfergew\u00f6hnliche an Dr. Schubert.<\/p>\n\n\n\n<p><\/p>\n\n\n\n<p><\/p>\n\n\n\n<div class=\"wp-block-group alignfull has-background\" style=\"background-color:#ffffff\"><div class=\"wp-block-group__inner-container is-layout-flow wp-block-group-is-layout-flow\">\n<div class=\"wp-block-group\"><div class=\"wp-block-group__inner-container is-layout-flow wp-block-group-is-layout-flow\">\n<div class=\"wp-block-group\"><div class=\"wp-block-group__inner-container is-layout-flow wp-block-group-is-layout-flow\">\n<h2 class=\"has-text-align-center wp-block-heading\">Meine Ch\u00f6re!<\/h2>\n\n\n\n<div class=\"wp-block-group alignfull\"><div class=\"wp-block-group__inner-container is-layout-flow wp-block-group-is-layout-flow\">\n<div class=\"wp-block-columns alignfull is-layout-flex wp-container-core-columns-is-layout-9d6595d7 wp-block-columns-is-layout-flex\">\n<div class=\"wp-block-column is-layout-flow wp-block-column-is-layout-flow\">\n<figure class=\"wp-block-image size-large\"><img loading=\"lazy\" decoding=\"async\" width=\"662\" height=\"638\" src=\"https:\/\/ralfschubert.de\/wp-content\/uploads\/2020\/11\/Frauenchor-e1606061030425.jpg\" alt=\"\" class=\"wp-image-108\" srcset=\"https:\/\/ralfschubert.de\/wp-content\/uploads\/2020\/11\/Frauenchor-e1606061030425.jpg 662w, https:\/\/ralfschubert.de\/wp-content\/uploads\/2020\/11\/Frauenchor-e1606061030425-450x434.jpg 450w\" sizes=\"auto, (max-width: 662px) 100vw, 662px\" \/><figcaption>Frauenchor<\/figcaption><\/figure>\n<\/div>\n\n\n\n<div class=\"wp-block-column is-vertically-aligned-top is-layout-flow wp-block-column-is-layout-flow\" style=\"flex-basis:33.6%\">\n<figure class=\"wp-block-image size-large\"><a href=\"https:\/\/ralfschubert.de\/category\/youngvoices\/\"><img loading=\"lazy\" decoding=\"async\" width=\"1280\" height=\"1051\" src=\"https:\/\/ralfschubert.de\/wp-content\/uploads\/2020\/11\/2017-05-18_eroeffnung-067-scaled-e1606062096162-1280x1051.jpg\" alt=\"\" class=\"wp-image-109\" srcset=\"https:\/\/ralfschubert.de\/wp-content\/uploads\/2020\/11\/2017-05-18_eroeffnung-067-scaled-e1606062096162-1280x1051.jpg 1280w, https:\/\/ralfschubert.de\/wp-content\/uploads\/2020\/11\/2017-05-18_eroeffnung-067-scaled-e1606062096162-450x370.jpg 450w, https:\/\/ralfschubert.de\/wp-content\/uploads\/2020\/11\/2017-05-18_eroeffnung-067-scaled-e1606062096162-768x631.jpg 768w, https:\/\/ralfschubert.de\/wp-content\/uploads\/2020\/11\/2017-05-18_eroeffnung-067-scaled-e1606062096162-1536x1262.jpg 1536w, https:\/\/ralfschubert.de\/wp-content\/uploads\/2020\/11\/2017-05-18_eroeffnung-067-scaled-e1606062096162-1200x986.jpg 1200w, https:\/\/ralfschubert.de\/wp-content\/uploads\/2020\/11\/2017-05-18_eroeffnung-067-scaled-e1606062096162.jpg 1753w\" sizes=\"auto, (max-width: 1280px) 100vw, 1280px\" \/><\/a><figcaption>Young Voices &#8211; Egelner Kammerchor<\/figcaption><\/figure>\n<\/div>\n\n\n\n<div class=\"wp-block-column is-layout-flow wp-block-column-is-layout-flow\">\n<figure class=\"wp-block-image size-large\"><a href=\"https:\/\/ralfschubert.de\/category\/schulchor\/\"><img loading=\"lazy\" decoding=\"async\" width=\"1280\" height=\"1271\" src=\"https:\/\/ralfschubert.de\/wp-content\/uploads\/2020\/11\/2017-05-18_eroeffnung-006-scaled-e1606062172937-1280x1271.jpg\" alt=\"\" class=\"wp-image-110\" srcset=\"https:\/\/ralfschubert.de\/wp-content\/uploads\/2020\/11\/2017-05-18_eroeffnung-006-scaled-e1606062172937-1280x1271.jpg 1280w, https:\/\/ralfschubert.de\/wp-content\/uploads\/2020\/11\/2017-05-18_eroeffnung-006-scaled-e1606062172937-450x447.jpg 450w, https:\/\/ralfschubert.de\/wp-content\/uploads\/2020\/11\/2017-05-18_eroeffnung-006-scaled-e1606062172937-768x763.jpg 768w, https:\/\/ralfschubert.de\/wp-content\/uploads\/2020\/11\/2017-05-18_eroeffnung-006-scaled-e1606062172937-1536x1525.jpg 1536w, https:\/\/ralfschubert.de\/wp-content\/uploads\/2020\/11\/2017-05-18_eroeffnung-006-scaled-e1606062172937-1200x1192.jpg 1200w, https:\/\/ralfschubert.de\/wp-content\/uploads\/2020\/11\/2017-05-18_eroeffnung-006-scaled-e1606062172937.jpg 1708w\" sizes=\"auto, (max-width: 1280px) 100vw, 1280px\" \/><\/a><figcaption>Schulchor<\/figcaption><\/figure>\n<\/div>\n<\/div>\n<\/div><\/div>\n<\/div><\/div>\n<\/div><\/div>\n<\/div><\/div>\n\n\n\n<figure class=\"wp-block-gallery alignwide columns-2 is-cropped wp-block-gallery-1 is-layout-flex wp-block-gallery-is-layout-flex\"><ul class=\"blocks-gallery-grid\"><li class=\"blocks-gallery-item\"><figure><a href=\"https:\/\/ralfschubert.de\/wp-content\/uploads\/2020\/11\/IMGL1094.jpg\"><img loading=\"lazy\" decoding=\"async\" width=\"850\" height=\"566\" src=\"https:\/\/ralfschubert.de\/wp-content\/uploads\/2020\/11\/IMGL1094.jpg\" alt=\"\" data-id=\"103\" data-full-url=\"https:\/\/ralfschubert.de\/wp-content\/uploads\/2020\/11\/IMGL1094.jpg\" data-link=\"https:\/\/ralfschubert.de\/imgl1094\/\" class=\"wp-image-103\" srcset=\"https:\/\/ralfschubert.de\/wp-content\/uploads\/2020\/11\/IMGL1094.jpg 850w, https:\/\/ralfschubert.de\/wp-content\/uploads\/2020\/11\/IMGL1094-450x300.jpg 450w, https:\/\/ralfschubert.de\/wp-content\/uploads\/2020\/11\/IMGL1094-768x511.jpg 768w\" sizes=\"auto, (max-width: 850px) 100vw, 850px\" \/><\/a><\/figure><\/li><li class=\"blocks-gallery-item\"><figure><a href=\"https:\/\/ralfschubert.de\/wp-content\/uploads\/2020\/11\/kind5.jpg\"><img loading=\"lazy\" decoding=\"async\" width=\"500\" height=\"698\" src=\"https:\/\/ralfschubert.de\/wp-content\/uploads\/2020\/11\/kind5.jpg\" alt=\"\" data-id=\"104\" data-full-url=\"https:\/\/ralfschubert.de\/wp-content\/uploads\/2020\/11\/kind5.jpg\" data-link=\"https:\/\/ralfschubert.de\/kind5\/\" class=\"wp-image-104\" srcset=\"https:\/\/ralfschubert.de\/wp-content\/uploads\/2020\/11\/kind5.jpg 500w, https:\/\/ralfschubert.de\/wp-content\/uploads\/2020\/11\/kind5-322x450.jpg 322w\" sizes=\"auto, (max-width: 500px) 100vw, 500px\" \/><\/a><\/figure><\/li><\/ul><\/figure>\n","protected":false},"excerpt":{"rendered":"<p>Musiklehrer, Chorleiter und Gr\u00fcndung Chorfestival &#8222;Sine musica nulla vita&#8220;. \u201eSine musica nulla vita.\u201c Ohne Musik, kein Leben &#8211; sine musica nulla vita, ist nicht nur ein Motto, sondern die pers\u00f6nliche Lebenseinstellung von Dr. Schubert. Schon in seiner Kindheit spielte die Musik eine essentielle Rolle. Die geweckte Leidenschaft f\u00fcr die Kunst des sch\u00f6nen Klangs ist bis [&hellip;]<\/p>\n","protected":false},"author":1,"featured_media":101,"parent":0,"menu_order":0,"comment_status":"closed","ping_status":"closed","template":"","meta":{"footnotes":""},"class_list":["post-14","page","type-page","status-publish","has-post-thumbnail","hentry"],"_links":{"self":[{"href":"https:\/\/ralfschubert.de\/index.php?rest_route=\/wp\/v2\/pages\/14","targetHints":{"allow":["GET"]}}],"collection":[{"href":"https:\/\/ralfschubert.de\/index.php?rest_route=\/wp\/v2\/pages"}],"about":[{"href":"https:\/\/ralfschubert.de\/index.php?rest_route=\/wp\/v2\/types\/page"}],"author":[{"embeddable":true,"href":"https:\/\/ralfschubert.de\/index.php?rest_route=\/wp\/v2\/users\/1"}],"replies":[{"embeddable":true,"href":"https:\/\/ralfschubert.de\/index.php?rest_route=%2Fwp%2Fv2%2Fcomments&post=14"}],"version-history":[{"count":15,"href":"https:\/\/ralfschubert.de\/index.php?rest_route=\/wp\/v2\/pages\/14\/revisions"}],"predecessor-version":[{"id":132,"href":"https:\/\/ralfschubert.de\/index.php?rest_route=\/wp\/v2\/pages\/14\/revisions\/132"}],"wp:featuredmedia":[{"embeddable":true,"href":"https:\/\/ralfschubert.de\/index.php?rest_route=\/wp\/v2\/media\/101"}],"wp:attachment":[{"href":"https:\/\/ralfschubert.de\/index.php?rest_route=%2Fwp%2Fv2%2Fmedia&parent=14"}],"curies":[{"name":"wp","href":"https:\/\/api.w.org\/{rel}","templated":true}]}}