{"id":42,"date":"2020-11-21T20:10:57","date_gmt":"2020-11-21T19:10:57","guid":{"rendered":"https:\/\/ralfschubert.de\/?page_id=42"},"modified":"2024-10-07T15:45:20","modified_gmt":"2024-10-07T14:45:20","slug":"vita","status":"publish","type":"page","link":"https:\/\/ralfschubert.de\/?page_id=42","title":{"rendered":"Vita"},"content":{"rendered":"\n<ul class=\"wp-block-list\">\n<li>1954 in <a href=\"http:\/\/de.wikipedia.org\/wiki\/Halberstadt\">Halberstadt<\/a> in der <a href=\"https:\/\/www.hotel-heine.de\/\">Villa Heine <\/a>(heute ein Hotel) geboren, aufgewachsen in einem musikalischem Elternhaus<\/li>\n\n\n\n<li>Klavierunterricht bei <a href=\"https:\/\/de.wikipedia.org\/wiki\/Herta_Rennebaum\">Herta Rennebaum<\/a><\/li>\n\n\n\n<li>1970 bis 1974 Fachschulstudium als Grundschullehrer mit dem Wahlfach Musik am <a href=\"https:\/\/de.wikipedia.org\/wiki\/Institut_f%C3%BCr_Lehrerbildung\">Institut f\u00fcr Lehrerbildung Sta\u00dffurt<\/a><\/li>\n\n\n\n<li>1974 \u2013 1977 Wehrdienst beim Chor des Wachregiments Berlin, Chorleitungsunterricht bei <a href=\"https:\/\/de.wikipedia.org\/wiki\/Fritz_H%C3%B6ft\">Prof. Fritz H\u00f6ft<\/a><a href=\"https:\/\/www.neues-deutschland.de\/artikel\/577347.kuenstler-und-lehrer.html\"> <\/a>und Gesangsunterricht bei Dozenten der <a href=\"http:\/\/www.hfm-berlin.de\/\">Musikhochschule \u201eHanns Eisler\u201c<\/a>, Leitung eines Soldatenchores<\/li>\n\n\n\n<li>1977 Beginn der Lehrert\u00e4tigkeit an einer k\u00f6rperbehinderten Schule und ab 1978 an der POS Derenburg, vorwiegend Unterricht im Fach Musik und Aufbau eines Chores<\/li>\n\n\n\n<li>1979 bis 1982 kombiniertes Direkt\/Fernstudium an der <a href=\"https:\/\/de.wikipedia.org\/wiki\/P%C3%A4dagogische_Hochschule_Potsdam\">PH Potsdam<\/a> und der <a href=\"https:\/\/studienangebot.uni-halle.de\/musik-lehramt-125-120\">Universit\u00e4t Halle<\/a> (Diplom bei <a href=\"http:\/\/de.wikipedia.org\/wiki\/Walther_Siegmund-Schultze\">Prof. Dr. Siegmund-Schultze<\/a>) zum Diplom \u2013 Musiklehrer, 1979-1980 Leitung eines Chores der Firma TAKRAF in Potsdam<\/li>\n\n\n\n<li>1981 bis 1991 Fachlehrer f\u00fcr Musik am <a href=\"https:\/\/de.wikipedia.org\/wiki\/Institut_f%C3%BCr_Lehrerbildung\">Institut f\u00fcr Lehrerbildung Sta\u00dffurt <\/a>mit den Schwerpunkten Gesang und Chorleitung, Leitung des Frauenchores<\/li>\n\n\n\n<li>1986 bis 1991 au\u00dferplanm\u00e4\u00dfige Aspirantur an der Universit\u00e4t Leipzig (<a href=\"https:\/\/de.wikipedia.org\/wiki\/Rainer_Herberger\">Prof. Dr. Herberger)<\/a><\/li>\n\n\n\n<li>1991<a href=\"https:\/\/portal.dnb.de\/opac.htm?method=simpleSearch&amp;cqlMode=true&amp;query=idn%3D910986150\"> Promotion in Musikdidaktik (Dr. paed.)<\/a><\/li>\n\n\n\n<li>seit 1991 Musiklehrer am <a href=\"https:\/\/de.wikipedia.org\/wiki\/Gymnasium_Egeln\">Gymnasium Egeln <\/a>(Fachkonferenzleiter) und Leitung des <a href=\"http:\/\/kinderchor.youngvoices.de\/\">Kinderchores <\/a>und des <a href=\"http:\/\/schulchor.com\/\">Gemischten Chores des Gymnasiums<\/a><\/li>\n\n\n\n<li>1991 Gr\u00fcndung und Leitung des <a href=\"http:\/\/www.salzlandfrauenchor.de\/\">Salzland Frauenchores Sta\u00dffurt<\/a><\/li>\n\n\n\n<li>seit 1995 Unterricht auch im Fach Fach Sozialkunde<\/li>\n\n\n\n<li>1995 bis 1998 berufsbegleitender Studiengang Politik an der <a href=\"https:\/\/www.uni-magdeburg.de\/\">Universit\u00e4t Magdeburg<\/a><\/li>\n\n\n\n<li>1997 Gr\u00fcndung und Leitung des <a href=\"http:\/\/youngvoices.de\/\">Kammerchores Young Voices<\/a><\/li>\n\n\n\n<li>2000 Verleihung des Heimatpreises des Landkreises Aschersleben Sta\u00dffurt<\/li>\n\n\n\n<li>seit 2001 k\u00fcnstlerischer Leiter des internationalen Jugendchorfestivals <a href=\"http:\/\/sinemusica.de\/\">\u201eSine musica nulla vita\u201c<\/a><\/li>\n\n\n\n<li>2001 Verleihung des Titels <a href=\"https:\/\/bundesmusikverband.de\/chordirektor\/\">\u201eChordirektor ADC\u201c<\/a><\/li>\n\n\n\n<li>2004 Verleihung der &#8222;Dr. Friedrich Schneider Medaille&#8220; durch den <a href=\"http:\/\/chorverband-sachsen-anhalt.de\/\">Landeschorverband Sachsen Anhalt<\/a><\/li>\n\n\n\n<li>12.10.2007 Verleihung der <a href=\"http:\/\/de.wikipedia.org\/wiki\/Ehrennadel_des_Landes_Sachsen-Anhalt\">Ehrennadel des Landes Sachsen Anhalt<\/a><\/li>\n\n\n\n<li>28.05.2015 Verleihung des <a href=\"https:\/\/www.salzlandkreis.de\/bildungkultur\/kulturpreis-des-salzlandkreises\/2015-06-09_kp\/\">Kulturpreises des Salzlandkreises<\/a><\/li>\n\n\n\n<li>zum Schuljahr 2016\/2017 (nach Schlie\u00dfung des Gymnasiums Egeln) Wechsel zum <a href=\"https:\/\/dfg-schulpost.de\/index.php\">Dr.-Frank-Gymnasium Sta\u00dffurt<\/a><\/li>\n\n\n\n<li>2016 Mitglied des <a href=\"https:\/\/www.chorverband-sachsen-anhalt.de\/chorverband\">Pr\u00e4sidiums des Chorverbandes Sachsen-Anhalt<\/a> \u2013 Jugendreferent<\/li>\n\n\n\n<li>01.08.2017 Renteneintritt, Weiterarbeit mit dem <a href=\"https:\/\/dfg-schulpost.de\/index.php\/arbeitsgemeinschaften\/schulchor\">Chor des Dr.-Frank-Gymnasiums<\/a><\/li>\n\n\n\n<li>12.12.2019 Verleihung der<a href=\"https:\/\/rotary.de\/wie-wird-man-paul-harris-fellow-a-4694.html\"> Paul Harris Fellow<\/a> Medaille durch Rotary<\/li>\n\n\n\n<li>2021 Vizepr\u00e4sident des Chorverbandes Sachsen-Anhalt<\/li>\n<\/ul>\n","protected":false},"excerpt":{"rendered":"","protected":false},"author":1,"featured_media":0,"parent":0,"menu_order":0,"comment_status":"closed","ping_status":"closed","template":"templates\/template-full-width.php","meta":{"footnotes":""},"class_list":["post-42","page","type-page","status-publish","hentry"],"_links":{"self":[{"href":"https:\/\/ralfschubert.de\/index.php?rest_route=\/wp\/v2\/pages\/42","targetHints":{"allow":["GET"]}}],"collection":[{"href":"https:\/\/ralfschubert.de\/index.php?rest_route=\/wp\/v2\/pages"}],"about":[{"href":"https:\/\/ralfschubert.de\/index.php?rest_route=\/wp\/v2\/types\/page"}],"author":[{"embeddable":true,"href":"https:\/\/ralfschubert.de\/index.php?rest_route=\/wp\/v2\/users\/1"}],"replies":[{"embeddable":true,"href":"https:\/\/ralfschubert.de\/index.php?rest_route=%2Fwp%2Fv2%2Fcomments&post=42"}],"version-history":[{"count":9,"href":"https:\/\/ralfschubert.de\/index.php?rest_route=\/wp\/v2\/pages\/42\/revisions"}],"predecessor-version":[{"id":184,"href":"https:\/\/ralfschubert.de\/index.php?rest_route=\/wp\/v2\/pages\/42\/revisions\/184"}],"wp:attachment":[{"href":"https:\/\/ralfschubert.de\/index.php?rest_route=%2Fwp%2Fv2%2Fmedia&parent=42"}],"curies":[{"name":"wp","href":"https:\/\/api.w.org\/{rel}","templated":true}]}}