{"id":64,"date":"2020-11-22T08:38:34","date_gmt":"2020-11-22T07:38:34","guid":{"rendered":"https:\/\/ralfschubert.de\/?page_id=64"},"modified":"2024-09-30T15:55:38","modified_gmt":"2024-09-30T14:55:38","slug":"chorleitertaetigkeit","status":"publish","type":"page","link":"https:\/\/ralfschubert.de\/?page_id=64","title":{"rendered":"Chorleitert\u00e4tigkeit"},"content":{"rendered":"\n<div class=\"wp-block-media-text alignwide has-media-on-the-right is-stacked-on-mobile\" style=\"grid-template-columns:auto 15%\"><figure class=\"wp-block-media-text__media\"><a href=\"https:\/\/ralfschubert.de\/wp-content\/uploads\/2020\/11\/Chorleiter.jpg\"><img loading=\"lazy\" decoding=\"async\" width=\"239\" height=\"400\" src=\"https:\/\/ralfschubert.de\/wp-content\/uploads\/2020\/11\/Chorleiter.jpg\" alt=\"\" class=\"wp-image-65\"\/><\/a><\/figure><div class=\"wp-block-media-text__content\">\n\n<ul class=\"wp-block-list\"><li>1976 \u2013 1977 Leitung eines Soldatenchores beim Wehrdienst (Mentor: Prof. Fritz H\u00f6ft)<\/li><li>1977 \u2013 1979 Chor der POS Derenburg<\/li><li>1979 \u2013 1980 Betriebschor TAKRAF in Potsdam (Zusatzstudium)<\/li><li>1980 \u2013 1981 Chor der POS Derenburg<\/li><li>1981 \u2013 1991 Frauenchor des Instituts f\u00fcr Lehrerbildung Sta\u00dffurt<\/li><li>1998 &#8211; 2015 Kinderchor des Gymnasiums Egeln<\/li><li>1991 &#8211; 2016 Gemischter Chor des Gymnasiums Egeln<\/li><\/ul>\n\n<\/div><\/div>\n\n\n\n<blockquote class=\"wp-block-quote is-style-default is-layout-flow wp-block-quote-is-layout-flow\">\n<p>seit 1991 Salzland Frauenchor Sta\u00dffurt (Neugr\u00fcndung)<\/p>\n\n\n\n<p>seit 1997 Young Voices \u2013 Egelner Kammerchor (Neugr\u00fcndung)<\/p>\n\n\n\n<p>seit 2016 Gemischter Chor des Dr.-Frank-Gymnasiums Sta\u00dffurt<\/p>\n\n\n\n<p>seit 2024 Cantiamo . Sta\u00dffurter Kammerchor (Neugr\u00fcndung)<\/p>\n<\/blockquote>\n\n\n\n<h2 class=\"wp-block-heading\"><strong>Chorleiteraus- und weiterbildung:<\/strong><\/h2>\n\n\n\n<ul class=\"wp-block-list\">\n<li>1970 \u2013 1974 Studium Grundschullehrer mit dem Wahlfach Musik am Institut f\u00fcr Lehrerbildung Sta\u00dffurt<\/li>\n\n\n\n<li>1974 \u2013 1977 Mitglied im Chor des Wachregiments Berlin (Chorleiter: Prof. Fritz H\u00f6ft), Chorleitungsunterricht bei F. H\u00f6ft, Stimmbildung\/Gesang bei Dozenten der Hochschule f\u00fcr Musik \u201eHanns Eisler\u201c<\/li>\n\n\n\n<li>1979 &#8211; 1982 Studium an der PH Potsdam und der UNI Halle = Diplom &#8211; Musiklehrer, Abschluss in Chorleitung: sehr gut<\/li>\n\n\n\n<li>1995, 1998, 2001 Teilnahme an den Chorleiterkongressen des DSB in Gelsenkirchen, Dresden und W\u00fcrzburg<\/li>\n\n\n\n<li>2004 Teilnahme mit Young Voices (Studiochor) am Chorleiterseminar des Landeschorverbandes Sachsen \u2013 Anhalt, Leitung Prof. Dr. Krell<\/li>\n\n\n\n<li>2019, 12. -14.09. Teilnahme an der chor.com in Hannover<\/li>\n\n\n\n<li>2024, 26. &#8211; 29.09. Teilnahme an der chor.com in Hannover<\/li>\n\n\n\n<li><strong>H\u00f6hepunkte der bisherigen Chorarbeit:<\/strong><\/li>\n<\/ul>\n\n\n\n<div class=\"wp-block-group\"><div class=\"wp-block-group__inner-container is-layout-flow wp-block-group-is-layout-flow\">\n<div class=\"wp-block-group\"><div class=\"wp-block-group__inner-container is-layout-flow wp-block-group-is-layout-flow\">\n<h4 class=\"wp-block-heading has-large-font-size\"><mark style=\"background-color:rgba(0, 0, 0, 0);color:#ba0c49\" class=\"has-inline-color\"><strong>1985<\/strong><\/mark><\/h4>\n\n\n\n<ul class=\"wp-block-list\">\n<li>Einstufung mit dem Frauenchor des IfL beim Bezirksleistungsvergleich <strong>\u201eOberstufe gut\u201c<\/strong><\/li>\n<\/ul>\n\n\n\n<h4 class=\"wp-block-heading has-large-font-size\"><mark style=\"background-color:rgba(0, 0, 0, 0);color:#ba0c49\" class=\"has-inline-color\"><strong>1986<\/strong><\/mark><\/h4>\n\n\n\n<ul class=\"wp-block-list\">\n<li>Teilnahme an den Arbeiterfestspielen mit dem Frauenchor des IfL<\/li>\n<\/ul>\n\n\n\n<h4 class=\"wp-block-heading has-large-font-size\"><mark style=\"background-color:rgba(0, 0, 0, 0);color:#ba0c49\" class=\"has-inline-color\"><strong>1987<\/strong><\/mark><\/h4>\n\n\n\n<ul class=\"wp-block-list\">\n<li>Festkonzert \u201e20 Jahre Frauenchor des IfL Sta\u00dffurt\u201c<\/li>\n<\/ul>\n\n\n\n<h4 class=\"wp-block-heading has-large-font-size\"><mark style=\"background-color:rgba(0, 0, 0, 0);color:#ba0c49\" class=\"has-inline-color\"><strong>1990<\/strong><\/mark><\/h4>\n\n\n\n<ul class=\"wp-block-list\">\n<li>seit Gr\u00fcndung Kreischorleiter des S\u00e4ngerkreises Bernburg\/K\u00f6then\/Sta\u00dffurt; heute <a href=\"http:\/\/www.chorkreis-askanien.de\/\">Chorkreis Askanien<\/a><\/li>\n<\/ul>\n\n\n\n<h4 class=\"wp-block-heading has-large-font-size\"><mark style=\"background-color:rgba(0, 0, 0, 0);color:#ba0c49\" class=\"has-inline-color\"><strong>1993<\/strong><\/mark><\/h4>\n\n\n\n<ul class=\"wp-block-list\">\n<li>Teilnahme mit dem Salzland Frauenchor am Internationalen <strong>Adventsingen in Wien<\/strong><\/li>\n<\/ul>\n\n\n\n<h4 class=\"wp-block-heading has-large-font-size\"><mark style=\"background-color:rgba(0, 0, 0, 0);color:#ba0c49\" class=\"has-inline-color\"><strong>1996<\/strong><\/mark><\/h4>\n\n\n\n<ul class=\"wp-block-list\">\n<li>Teilnahme mit dem Gemischten Chor des Gymnasiums am Internationalen Chorfest in Svitavy (<strong>Tschechien<\/strong>)<\/li>\n<\/ul>\n\n\n\n<h4 class=\"wp-block-heading has-large-font-size\"><mark style=\"background-color:rgba(0, 0, 0, 0);color:#ba0c49\" class=\"has-inline-color\"><strong>1997<\/strong><\/mark><\/h4>\n\n\n\n<ul class=\"wp-block-list\">\n<li>Produktion einer CD \u201e Neue Br\u00fccken \u2013 neue Wege\u201c mit dem Gemischten Chor des Gymnasiums Egeln<\/li>\n<\/ul>\n\n\n\n<h4 class=\"wp-block-heading has-large-font-size\"><mark style=\"background-color:rgba(0, 0, 0, 0);color:#ba0c49\" class=\"has-inline-color\"><strong>1998<\/strong><\/mark><\/h4>\n\n\n\n<ul class=\"wp-block-list\">\n<li>Mitwirkung mit Young Voices bei der Rundfunksendung \u201eStammtisch\u201c des mdr<\/li>\n\n\n\n<li>Teilnahme mit dem Gemischten Chor des Gymnasiums und Young Voices am Festival in Svitavy (<strong>Tschechien<\/strong>)<\/li>\n\n\n\n<li>Produktion einer CD \u201eEngel singen leise\u201c mit dem Gemischten Chor des Gymnasiums, dem Kinderchor des Gymnasiums und Young Voices<\/li>\n<\/ul>\n\n\n\n<h4 class=\"wp-block-heading has-large-font-size\"><mark style=\"background-color:rgba(0, 0, 0, 0);color:#ba0c49\" class=\"has-inline-color\"><strong>1999<\/strong><\/mark><\/h4>\n\n\n\n<ul class=\"wp-block-list\">\n<li>Produktion einer CD \u201eLet the sunshine in\u201c mit dem Kinderchor und dem Gemischten Chor des Gymnasiums Egeln<\/li>\n\n\n\n<li>Teilnahme mit dem Gemischten Chor des Gymnasiums und Young Voices am Internationalen <strong>Adventsingen in Wien<\/strong><\/li>\n<\/ul>\n\n\n\n<h4 class=\"wp-block-heading has-large-font-size\"><mark style=\"background-color:rgba(0, 0, 0, 0);color:#ba0c49\" class=\"has-inline-color\"><strong>2000<\/strong><\/mark><\/h4>\n\n\n\n<ul class=\"wp-block-list\">\n<li>Teilnahme mit Young Voices am Festival in Svitavy (<strong>Tschechien<\/strong>)<\/li>\n\n\n\n<li>Teilnahme mit Young Voices am Harzchorfestival in Wernigerode \u2013<strong> \u201eGoldenes Diplom\u201c<\/strong><\/li>\n\n\n\n<li>Produktion einer CD \u201eStill senkt sich die Nacht hernieder\u201c mit dem Salzland Frauenchor Sta\u00dffurt<\/li>\n\n\n\n<li>Produktion einer CD \u201eQuerbeat\u201c mit Young Voices<\/li>\n<\/ul>\n\n\n\n<h4 class=\"wp-block-heading has-large-font-size\"><mark style=\"background-color:rgba(0, 0, 0, 0);color:#ba0c49\" class=\"has-inline-color\"><strong>2001<\/strong><\/mark><\/h4>\n\n\n\n<ul class=\"wp-block-list\">\n<li>\u201eSine musica nulla vita\u201c, 1. Internationales Chortreffen in Egeln (7 Ch\u00f6re aus 3 L\u00e4ndern) \u2013 Festivalleiter<\/li>\n\n\n\n<li>Teilnahme mit Young Voices am Internationalen Chorwettbewerb in Limburg <strong>\u201eBronzenes Diplom\u201c <\/strong>in der Kategorie \u201eKinder und Jugendch\u00f6re, gemischtstimmig\u201c<\/li>\n\n\n\n<li>Rundfunkgottesdienst mit Young Voices in der Stadtkirche Egeln, Live &#8211; \u00dcbertragung bei mdr &#8211; kultur<\/li>\n\n\n\n<li>Verleihung des Titels \u201eChordirektor ADC\u201c<\/li>\n<\/ul>\n\n\n\n<h4 class=\"wp-block-heading has-large-font-size\"><mark style=\"background-color:rgba(0, 0, 0, 0);color:#ba0c49\" class=\"has-inline-color\"><strong>2002<\/strong><\/mark><\/h4>\n\n\n\n<ul class=\"wp-block-list\">\n<li>Teilnahme am Harzchorfestival in Wernigerode:<br>Salzland Frauenchor Sta\u00dffurt: <strong>\u201eSilbernes Diplom\u201c<\/strong><br>Young Voices: <strong>\u201eGoldenes Diplom\u201c<\/strong><\/li>\n\n\n\n<li>Teilnahme mit dem Gemischten Chor des Gymnasiums und Young Voices am Festival FAPS im <strong>tschechischen Svitavy<\/strong><\/li>\n\n\n\n<li>Teilnahme mit Young Voices an der <strong>2. Chorolympiade in Busan (Korea) drei silberne Diplome<\/strong> in den Kategorien \u201eGemischte Jugendch\u00f6re\u201c, \u201eGospel &amp; Spiritual\u201c und \u201ePopul\u00e4re Chormusik\u201c<\/li>\n<\/ul>\n\n\n\n<h4 class=\"wp-block-heading has-large-font-size\"><mark style=\"background-color:rgba(0, 0, 0, 0);color:#ba0c49\" class=\"has-inline-color\"><strong>2003<\/strong><\/mark><\/h4>\n\n\n\n<ul class=\"wp-block-list\">\n<li>Produktion einer CD \u201e In der Mitte der Nacht\u201c mit dem Gemischten Chor des Gymnasiums Egeln<\/li>\n\n\n\n<li>Mai: \u201eSine musica nulla vita\u201c 2.Internationales Chorfest in Egeln (8 Ch\u00f6re aus drei L\u00e4ndern) &#8211; k\u00fcnstlerischer Leiter<\/li>\n\n\n\n<li>Juni: Teilnahme mit Young Voices am 3. Erwitter Kinder- und Jugendchorwettbewerb \u2013 \u201eguter Erfolg\u201c \u2013 18 Punkte<\/li>\n\n\n\n<li>Juni: Teilnahme mit Young Voices am <strong>31. Internationalen Fest des Liedes in Olomouc (Tschechien): <\/strong>174 Ch\u00f6re:<br>Kategorie: Sacrale Musik a cappella: bronzene Medaille<br>Kategorie: Gemischte Kinder- und Jugendch\u00f6re: silberne Medaille<br>Kategorie: Gospel &amp; Spiritual &amp; Jazz: <strong>goldene Medaille (Kategoriesieger und Teilnehmer am Preistr\u00e4gerkonzert)<\/strong><\/li>\n\n\n\n<li>September: Produktion einer CD \u201eLeise rieselt der Schnee\u201c mit Young Voices<\/li>\n\n\n\n<li>November: Teilnahme am <strong>13th International Festival of Advent and Christmas Music 2003 in Prag<\/strong> mit dem Salzland Frauenchor Sta\u00dffurt und dem Egelner Kammerchor Young Voices: <strong>beide Ch\u00f6re erhalten ein silbernes Diplom<\/strong><\/li>\n<\/ul>\n\n\n\n<h4 class=\"wp-block-heading has-large-font-size\"><mark style=\"background-color:rgba(0, 0, 0, 0);color:#ba0c49\" class=\"has-inline-color\"><strong>2004<\/strong><\/mark><\/h4>\n\n\n\n<ul class=\"wp-block-list\">\n<li>Teilnahme mit Young Voices an der 3<strong>. Chorolympiade in Bremen:<\/strong><br><strong>Silberne Diplome <\/strong>in den Kategorien: \u201eGemischte Kammerch\u00f6re\u201c und \u201ePopul\u00e4re Chormusik\u201c<br><strong>Bronzemedaille <\/strong>in der Kategorie \u201eGospel&amp;Spiritual\u201c<\/li>\n\n\n\n<li>Teilnahme mit dem Gemischten Chor des Gymnasiums und Young Voices am Festival FAPS im <strong>tschechischen Svitavy<\/strong><\/li>\n\n\n\n<li>Verleihung der Dr.-Friedrich-Schneider-Medaille durch den<br>Landeschorverband Sachsen Anhalt<\/li>\n<\/ul>\n\n\n\n<h4 class=\"wp-block-heading has-large-font-size\"><mark style=\"background-color:rgba(0, 0, 0, 0);color:#ba0c49\" class=\"has-inline-color\"><strong>2005<\/strong><\/mark><\/h4>\n\n\n\n<ul class=\"wp-block-list\">\n<li>M\u00e4rz: zweiw\u00f6chige Konzertreise mit Young Voices nach <strong>Australien<\/strong>, <strong>Perth und Sydney<\/strong><\/li>\n\n\n\n<li>09. April: Aufnahme der 5. CD mit dem Gemischten Chor des Gymnasiums Egeln \u2013 \u201eBest of\u201c der Jahre 1997 \u2013 2005 \u201eM\u00f6gen sich die Wege..\u201c<\/li>\n\n\n\n<li>21. \u2013 24. April: \u201eSine musica nulla vita\u201c &#8211; 3. Internationales Chorfest in Egeln (9 Ch\u00f6re aus drei L\u00e4ndern) \u2013 k\u00fcnstlerischer Leiter<\/li>\n\n\n\n<li>29. Mai: Teilnahme mit Young Voices am Landeschorwettbewerb in der Kategorie &#8222;Gemischte Ch\u00f6re&#8220; (bis 40 Mitglieder) in Bernburg: mit <strong>sehr gutem Erfolg<\/strong> teilgenommen<\/li>\n\n\n\n<li>3. Juli Mitwirkung mit Young Voices und dem Gemischten Chor des Gymnasiums an der Live &#8211; Fernsehsendung des MDR aus der B\u00f6rdelandhalle in Magdeburg &#8222;Magdeburg f\u00fcr Anhalter&#8220;<\/li>\n\n\n\n<li>01.\/02.10.05 Aufnahme der 3. CD mit Young Voices \u201eWir machen Musik\u201c<\/li>\n\n\n\n<li>05.12.05 musikalische Umrahmung der Festveranstaltung zur Verleihung des Jugend-Kultur-Preises des Landes Sachsen Anhalt im Schauspielhaus Magdeburg mit dem Gemischten Chor des Gymnasiums Egeln \u2013 Anerkennungsschreiben des Kultusministers f\u00fcr die CD \u201eM\u00f6gen sich die Wege\u2026\u201c<\/li>\n<\/ul>\n\n\n\n<h4 class=\"wp-block-heading has-large-font-size\"><mark style=\"background-color:rgba(0, 0, 0, 0);color:#ba0c49\" class=\"has-inline-color\"><strong>2006<\/strong><\/mark><\/h4>\n\n\n\n<ul class=\"wp-block-list\">\n<li>12. &#8211; 14.05.Teilnahme mit dem Gemischten Chor des Gymnasiums und Young Voices am Chorfestival FAPS im <strong>tschechischen Svitavy<\/strong><\/li>\n\n\n\n<li>19. &#8211; 21.05. Teilnahme mit Young Voices am Chorwettbewerb in Siegelsbach: <strong>2 Silberne Diplome, ein Goldenes Diplom<\/strong> und die Auszeichnung f\u00fcr das <strong>interessanteste Wettbewerbsprogramm<\/strong><\/li>\n\n\n\n<li>15.07.2006 Festkonzert &#8222;15 Jahre Ch\u00f6re des Gymnasiums Egeln&#8220; in der Stadtkirche<\/li>\n\n\n\n<li>22. &#8211; 28.10. Konzertreise mit Young Voices nach <strong>Murmansk (Russland)<\/strong><\/li>\n\n\n\n<li>30.11. &#8211; 04.12. Teilnahme am <strong>Internationalen Adventsingen<\/strong> mit dem Salzland Frauenchor <strong>in Wien (\u00d6sterreich)<\/strong><\/li>\n<\/ul>\n\n\n\n<h4 class=\"wp-block-heading has-large-font-size\"><mark style=\"background-color:rgba(0, 0, 0, 0);color:#ba0c49\" class=\"has-inline-color\"><strong>2007<\/strong><\/mark><\/h4>\n\n\n\n<ul class=\"wp-block-list\">\n<li>10. \u2013 13. Mai: \u201eSine musica nulla vita\u201c &#8211; 4. Internationales Chorfest in Egeln (11 Ch\u00f6re aus vier L\u00e4ndern) \u2013 k\u00fcnstlerischer Leiter<\/li>\n\n\n\n<li>20. &#8211; 22. Juli Aufnahme der 4. CD mit Young Voices &#8222;A Cappella &#8211; 10 Jahre Young Voices&#8220; (<strong>das ist insgesamt die 10. Chor &#8211; CD!<\/strong>)<\/li>\n\n\n\n<li>12.\/13.Oktober: Festwochenende: Zehn Jahre Young Voices: &#8222;Best of musical&#8220; mit der Gruppe Kleinstein; Festkonzert &#8222;Zehn Jahre A Cappella&#8220;<\/li>\n\n\n\n<li>Verleihung der Ehrennadel des Landes Sachsen Anhalt<\/li>\n\n\n\n<li>06.12. &#8211; 10.12. Teilnahme am <strong>Internationalen Adventsingen<\/strong> mit Young Voices in <strong>Wien (\u00d6sterreich)<\/strong><\/li>\n<\/ul>\n\n\n\n<h4 class=\"wp-block-heading has-large-font-size\"><mark style=\"background-color:rgba(0, 0, 0, 0);color:#ba0c49\" class=\"has-inline-color\"><strong>2008<\/strong><\/mark><\/h4>\n\n\n\n<ul class=\"wp-block-list\">\n<li>28.06. Jurymitglied beim Landeschorfest in Sangerhausen<\/li>\n\n\n\n<li>29.06. Sonderkonzert mit Young Voices zum Landeschorfest in Sangerhausen<\/li>\n\n\n\n<li>12.07. Teilnahme am Muldentaler Chorwettbewerb in Naunhof mit Young Voices: &#8222;mit gutem Erfolg&#8220; und dem Salzland Frauenchor: <strong>&#8222;mit hervoragendem Erfolg&#8220; &#8211; Gewinn der Kategorie Frauench\u00f6re<\/strong><\/li>\n\n\n\n<li>11.10 .- 15.10. Chorreise mit dem Salzland Fauenchor in die<strong> Toskana<\/strong>: Montecatini, Florenz, Siena, Pisa und Lucca<\/li>\n\n\n\n<li>18.\/19. und 24.\/25.10. &#8222;Best of musical&#8220; mit der Mitteldeutschen Kammerphilharmonie in Egeln, Wanzleben, Sch\u00f6nebeck und Barby<\/li>\n<\/ul>\n\n\n\n<h4 class=\"wp-block-heading has-large-font-size\"><mark style=\"background-color:rgba(0, 0, 0, 0);color:#ba0c49\" class=\"has-inline-color\"><strong>2009<\/strong><\/mark><\/h4>\n\n\n\n<ul class=\"wp-block-list\">\n<li>25.04. Teilnahme mit Young Voices am Landeschorwettbewerb in der Kategorie &#8222;Jazz-vokal et cetera &#8211; a cappella&#8220; in Merseburg: <strong>&#8222;Mit sehr gutem Erfolg&#8220;<\/strong> teilgenommen (Kategoriesieger) und Teilnehmer beim Preistr\u00e4gerkonzert<\/li>\n\n\n\n<li>14. &#8211; 17. Mai &#8222;Sine musica nulla vita&#8220; &#8211; 5. Internationales Chorfest in Egeln (10 Ch\u00f6re aus vier Nationen) &#8211; k\u00fcnstlerischer Leiter<\/li>\n\n\n\n<li>28.09. &#8211; 02.10. Fahrt mit dem Gemischten Chor des Gymnasiums Egeln nach <strong>Italien<\/strong> zur neuen Partnerschule Lizeum &#8222;E. Balzan&#8220; in Badia Polesine: Kurzauftritt beim B\u00fcrgermeister und gemeinsames Konzert am 01.10. mit dem Partnerchor im Lizeum<\/li>\n\n\n\n<li>08. &#8211; 18.10. Konzertreise mit Young Voices nach <strong>Florida (USA)<\/strong>: Konzerte in den Kirchen von Bonita Springs und Naples, Kontakt und gemeinsames Konzert mit dem Chor der Highschool von Fort Myers<\/li>\n<\/ul>\n\n\n\n<h4 class=\"wp-block-heading has-large-font-size\"><mark style=\"background-color:rgba(0, 0, 0, 0);color:#ba0c49\" class=\"has-inline-color\"><strong>2010<\/strong><\/mark><\/h4>\n\n\n\n<ul class=\"wp-block-list\">\n<li>23. &#8211; 25. April Teilnahme mit Young Voices am 9. Chorfestival FAPS im <strong>tschechischen Svitavy<\/strong> &#8211; Teilnahme am Atelier &#8222;Obertongesang&#8220;<\/li>\n\n\n\n<li>03. &#8211; 07. Mai Besuch des italienischen Partnerchores &#8222;E. Balzan&#8220; aus Badia Polesine am Gymnasium Egeln<\/li>\n\n\n\n<li>04.\/05. September: Produktion der 2. CD mit dem Salzland Frauenchor &#8222;Alle Jahre wieder&#8220;<\/li>\n\n\n\n<li>10.\/11. September: Produktion der 5. CD mit Young Voices &#8222;Weihnachtsfreuden&#8220;<\/li>\n\n\n\n<li>25. &#8211; 28. November: Teilnahme am <strong>20th International Festival of Advent and Christmas Music 2010 in Prag <\/strong>mit dem Salzland Frauenchor Sta\u00dffurt und dem Egelner Kammerchor Young Voices: <strong>beide Ch\u00f6re erhalten ein silbernes Diplom<\/strong><\/li>\n<\/ul>\n\n\n\n<h4 class=\"wp-block-heading has-large-font-size\"><mark style=\"background-color:rgba(0, 0, 0, 0);color:#ba0c49\" class=\"has-inline-color\"><strong>2011<\/strong><\/mark><\/h4>\n\n\n\n<ul class=\"wp-block-list\">\n<li>19. &#8211; 22. Mai &#8222;Sine musica nulla vita&#8220; 6. Internationales Chorfest in Egeln (zehn Ch\u00f6re aus 5 Nationen) &#8211; k\u00fcnstlerischer Leiter<\/li>\n\n\n\n<li>25. Juni Festkonzert &#8222;20 Jahre Ch\u00f6re des Gymnasiums Egeln&#8220; in der Stadtkirche Egeln<\/li>\n\n\n\n<li>09. Juli Festkonzert &#8222;20 Jahre Salzland Frauenchor Sta\u00dffurt&#8220; in der katholischen Kirche Sta\u00dffurt<\/li>\n\n\n\n<li>15. Oktober Teilnahme am 3. Sunderner Jazz- und Pop-Chorfestival \u201eS(w)ing a capella\u201c mit Young Voices <strong>&#8211; Gewinn des Publikumspreises<\/strong><\/li>\n<\/ul>\n\n\n\n<h4 class=\"wp-block-heading has-large-font-size\"><mark style=\"background-color:rgba(0, 0, 0, 0);color:#ba0c49\" class=\"has-inline-color\"><strong>2012<\/strong><\/mark><\/h4>\n\n\n\n<ul class=\"wp-block-list\">\n<li>10. &#8211; 14. April Fahrt mit dem Gemischten Chor des Gymnasiums Egeln nach <strong>Italien<\/strong> zum Partnerchor &#8222;E. Balzan&#8220; in Badia Polesine: Konzert im Salieri Theater in Legnago mit Chor und Band Joannes Cotta (Gymnasium Legnago) und unserem Partnerchor<\/li>\n\n\n\n<li>20 &#8211; 22. April Teilnahme mit Young Voices am 10. Chorfestival FAPS im <strong>tschechischen Svitavy<\/strong><\/li>\n<\/ul>\n\n\n\n<h4 class=\"wp-block-heading has-large-font-size\"><mark style=\"background-color:rgba(0, 0, 0, 0);color:#ba0c49\" class=\"has-inline-color\"><strong>2013<\/strong><\/mark><\/h4>\n\n\n\n<ul class=\"wp-block-list\">\n<li>24.03. &#8211; 03.04.13 Konzertreise mit Young Voices auf die <strong>Philippinen<\/strong>, Besuch des MCS in Manila, Fahrt nach Baler<\/li>\n\n\n\n<li>23. &#8211; 26.05.13 &#8222;Sine musica nulla vita&#8220; 7. Internationales Chorfest in Egeln (zw\u00f6lf Ch\u00f6re aus sieben Nationen) &#8211; k\u00fcnstlerischer Leiter<\/li>\n<\/ul>\n\n\n\n<h4 class=\"wp-block-heading has-large-font-size\"><mark style=\"background-color:rgba(0, 0, 0, 0);color:#ba0c49\" class=\"has-inline-color\"><strong>2015<\/strong><\/mark><\/h4>\n\n\n\n<ul class=\"wp-block-list\">\n<li>28. &#8211; 31.05.2015 &#8222;Sine musica nulla vita&#8220; 8. Internationales Chorfest in Egeln (zehn Ch\u00f6re aus sechs Nationen) &#8211; k\u00fcnstlerischer Leiter<\/li>\n\n\n\n<li>26. -28.06.15 Aufnahme der 6. CD &#8222;Halbton&#8220; mit Young Voices in der Egelner Stadtkirche &#8211; <strong>meine 13. CD insgesamt<\/strong><\/li>\n\n\n\n<li>05. &#8211; 08.1.15 Teilnahme mit Young Voices an Cantate Dresden:<br>Konzert in der Annenkirche<br>Auftritt in der Frauenkirche<\/li>\n<\/ul>\n\n\n\n<h4 class=\"wp-block-heading has-large-font-size\"><mark style=\"background-color:rgba(0, 0, 0, 0);color:#ba0c49\" class=\"has-inline-color\"><strong>2016<\/strong><\/mark><\/h4>\n\n\n\n<ul class=\"wp-block-list\">\n<li>11. Juni 2016 Festkonzert und Feier 25 Jahre Salzland Frauenchor Sta\u00dffurt<\/li>\n\n\n\n<li>01. &#8211; 03.10.16 Reise mit dem Salzland Frauenchor Sta\u00dffurt nach G\u00f6rlitz (Mei\u00dfen):<br>gemeinsames Konzert mit dem Lehrerchor G\u00f6rlitz im Gymnasium Augustum<\/li>\n<\/ul>\n\n\n\n<h4 class=\"wp-block-heading has-large-font-size\"><mark style=\"background-color:rgba(0, 0, 0, 0);color:#ba0c49\" class=\"has-inline-color\"><strong>2017<\/strong><\/mark><\/h4>\n\n\n\n<ul class=\"wp-block-list\">\n<li>18. &#8211; 21.05.2017 &#8222;Sine musica nulla vita&#8220; 9. Internationales Chorfest in Egeln &#8211; k\u00fcnstlerischer Leiter<\/li>\n\n\n\n<li>14.10.2017 Festkonzert 20 Jahre Young Voices &#8211; Egelner Kammerchor<br>Young Voices Kids<br>Wiederauff\u00fchrung von &#8222;Best of musical&#8220; von 2007<\/li>\n<\/ul>\n\n\n\n<h4 class=\"wp-block-heading has-large-font-size\"><mark style=\"background-color:rgba(0, 0, 0, 0);color:#ba0c49\" class=\"has-inline-color\"><strong>2018<\/strong><\/mark><\/h4>\n\n\n\n<ul class=\"wp-block-list\">\n<li>22. &#8211; 24. Juni Teilnahme des Salzland Frauenchores am 2. Europ\u00e4ischen Chorfest in Leipzig<br>&#8211; Singen in der Thomaskirche<br>&#8211; Lange Nacht der Ch\u00f6re im V\u00f6lkerschlachtdenkmal<\/li>\n<\/ul>\n\n\n\n<h4 class=\"wp-block-heading has-large-font-size\"><mark style=\"background-color:rgba(0, 0, 0, 0);color:#ba0c49\" class=\"has-inline-color\"><strong>2019<\/strong><\/mark><\/h4>\n\n\n\n<ul class=\"wp-block-list\">\n<li>03.02.19 Salzland Frauenchor ist Studiochor beim Chorleiterseminar im Kloster Michaelstein<\/li>\n\n\n\n<li>23. bis 26. Mai &#8222;Sine musica nulla vita&#8220; 10. Internationales Chorfest in Egeln &#8211; k\u00fcnstlerischer Leiter<\/li>\n\n\n\n<li>02.06.19 Teilnahme des Salzland Frauenchores am 16. Chortreffen im Rosarium in Sangerhausen<\/li>\n\n\n\n<li>30.11. Mitwirkung bei NIZ im Salzlandtheater als Backround Chor mit Young Voices<\/li>\n<\/ul>\n\n\n\n<h4 class=\"wp-block-heading has-large-font-size\"><mark style=\"background-color:rgba(0, 0, 0, 0);color:#ba0c49\" class=\"has-inline-color\"><strong>2020<\/strong><\/mark><\/h4>\n\n\n\n<ul class=\"wp-block-list\">\n<li>31.01. &#8211; 01.02. Aufnahme eine Weihnachts &#8211; CD mit Young Voices in der Stadtkirche Egeln<\/li>\n<\/ul>\n<\/div><\/div>\n\n\n\n<div class=\"wp-block-columns is-layout-flex wp-container-core-columns-is-layout-9d6595d7 wp-block-columns-is-layout-flex\">\n<div class=\"wp-block-column is-layout-flow wp-block-column-is-layout-flow\" style=\"flex-basis:100%\">\n<h4 class=\"wp-block-heading alignwide\"><mark style=\"background-color:rgba(0, 0, 0, 0);color:#ba0c49\" class=\"has-inline-color\">2022<\/mark><\/h4>\n<\/div>\n<\/div>\n\n\n\n<p><\/p>\n\n\n\n<ul class=\"wp-block-list\">\n<li>19. bis 22. Mai &#8222;Sine musica nulla vita&#8220; 11. Internationales Chorfest in Egeln &#8211; k\u00fcnstlerischer Leiter <\/li>\n\n\n\n<li>05. &#8211; 09. Oktober Internationales Chorfest Magdeburg: Teilnahme am Wettbewerb in der Kategorie Kammerch\u00f6re &amp; Vokalensembles: Sibernes Diplom, Stufe 7<\/li>\n<\/ul>\n\n\n\n<p><\/p>\n<\/div><\/div>\n","protected":false},"excerpt":{"rendered":"<p>1976 \u2013 1977 Leitung eines Soldatenchores beim Wehrdienst (Mentor: Prof. Fritz H\u00f6ft) 1977 \u2013 1979 Chor der POS Derenburg 1979 \u2013 1980 Betriebschor TAKRAF in Potsdam (Zusatzstudium) 1980 \u2013 1981 Chor der POS Derenburg 1981 \u2013 1991 Frauenchor des Instituts f\u00fcr Lehrerbildung Sta\u00dffurt 1998 &#8211; 2015 Kinderchor des Gymnasiums Egeln 1991 &#8211; 2016 Gemischter Chor [&hellip;]<\/p>\n","protected":false},"author":1,"featured_media":0,"parent":0,"menu_order":0,"comment_status":"closed","ping_status":"closed","template":"templates\/template-full-width.php","meta":{"footnotes":""},"class_list":["post-64","page","type-page","status-publish","hentry"],"_links":{"self":[{"href":"https:\/\/ralfschubert.de\/index.php?rest_route=\/wp\/v2\/pages\/64","targetHints":{"allow":["GET"]}}],"collection":[{"href":"https:\/\/ralfschubert.de\/index.php?rest_route=\/wp\/v2\/pages"}],"about":[{"href":"https:\/\/ralfschubert.de\/index.php?rest_route=\/wp\/v2\/types\/page"}],"author":[{"embeddable":true,"href":"https:\/\/ralfschubert.de\/index.php?rest_route=\/wp\/v2\/users\/1"}],"replies":[{"embeddable":true,"href":"https:\/\/ralfschubert.de\/index.php?rest_route=%2Fwp%2Fv2%2Fcomments&post=64"}],"version-history":[{"count":26,"href":"https:\/\/ralfschubert.de\/index.php?rest_route=\/wp\/v2\/pages\/64\/revisions"}],"predecessor-version":[{"id":183,"href":"https:\/\/ralfschubert.de\/index.php?rest_route=\/wp\/v2\/pages\/64\/revisions\/183"}],"wp:attachment":[{"href":"https:\/\/ralfschubert.de\/index.php?rest_route=%2Fwp%2Fv2%2Fmedia&parent=64"}],"curies":[{"name":"wp","href":"https:\/\/api.w.org\/{rel}","templated":true}]}}